{"id":98,"date":"2024-12-17T19:12:05","date_gmt":"2024-12-17T19:12:05","guid":{"rendered":"https:\/\/gabialb.art\/?page_id=98"},"modified":"2025-12-05T18:50:36","modified_gmt":"2025-12-05T18:50:36","slug":"memorias-pesadelos-inquietacoes","status":"publish","type":"page","link":"https:\/\/gabialb.art\/es\/memorias-pesadelos-inquietacoes\/","title":{"rendered":"Exposici\u00f3n Recuerdos, pesadillas e inquietud"},"content":{"rendered":"<div class=\"wp-block-group alignwide has-color-1-background-color has-background has-global-padding is-layout-constrained wp-container-core-group-is-layout-0747478d wp-block-group-is-layout-constrained\" style=\"padding-top:var(--wp--preset--spacing--50);padding-right:var(--wp--preset--spacing--50);padding-bottom:var(--wp--preset--spacing--50);padding-left:var(--wp--preset--spacing--50)\">\n<p class=\"has-light-background-color has-background has-large-font-size\">Galeria Coletivo Amarelo, Lisboa, 2024 - Project Room, comisariada por Cristiana Tejo<br><\/p>\n\n\n\n<div class=\"wp-block-group has-color-1-background-color has-background is-horizontal is-content-justification-left is-nowrap is-layout-flex wp-container-core-group-is-layout-8ad9adab wp-block-group-is-layout-flex\">\n<div class=\"wp-block-group is-vertical is-layout-flex wp-container-core-group-is-layout-fe9cc265 wp-block-group-is-layout-flex\">\n<figure class=\"wp-block-pullquote has-light-background-color has-background\"><blockquote><p>S\u00f3lo las casas pueden explicar la existencia de una palabra como intimidad<\/p><cite>Ruy Belo<\/cite><\/blockquote><\/figure>\n\n\n\n<div class=\"wp-block-group has-global-padding is-layout-constrained wp-block-group-is-layout-constrained\">\n<p>La casita de palitos, dibujada con l\u00e1pices de colores, un rect\u00e1ngulo medio despeinado, un tejado medio triangular, perdida en alg\u00fan paisaje, con el sol y las nubes de fondo. Junto a ella, una familia de figuras de palitos, con sus cabezas redondas, saludando y sonriendo y, a menudo, m\u00e1s grandes que la propia casa.<\/p>\n<\/div>\n<\/div>\n\n\n\n<div class=\"wp-block-group is-vertical is-layout-flex wp-container-core-group-is-layout-fe9cc265 wp-block-group-is-layout-flex\">\n<div class=\"wp-block-group is-vertical is-layout-flex wp-container-core-group-is-layout-fe9cc265 wp-block-group-is-layout-flex\">\n<figure data-wp-context=\"{&quot;imageId&quot;:&quot;69e1f7bacc761&quot;}\" data-wp-interactive=\"core\/image\" data-wp-key=\"69e1f7bacc761\" class=\"wp-block-image size-large wp-lightbox-container\"><img loading=\"lazy\" decoding=\"async\" width=\"768\" height=\"1024\" data-wp-class--hide=\"state.isContentHidden\" data-wp-class--show=\"state.isContentVisible\" data-wp-init=\"callbacks.setButtonStyles\" data-wp-on--click=\"actions.showLightbox\" data-wp-on--load=\"callbacks.setButtonStyles\" data-wp-on-window--resize=\"callbacks.setButtonStyles\" src=\"https:\/\/gabialb-art.preview-domain.com\/wp-content\/uploads\/2024\/12\/Casinhas2-768x1024.jpeg\" alt=\"\" class=\"wp-image-80\" srcset=\"https:\/\/gabialb.art\/wp-content\/uploads\/2024\/12\/Casinhas2-768x1024.jpeg 768w, https:\/\/gabialb.art\/wp-content\/uploads\/2024\/12\/Casinhas2-225x300.jpeg 225w, https:\/\/gabialb.art\/wp-content\/uploads\/2024\/12\/Casinhas2-1152x1536.jpeg 1152w, https:\/\/gabialb.art\/wp-content\/uploads\/2024\/12\/Casinhas2-1536x2048.jpeg 1536w, https:\/\/gabialb.art\/wp-content\/uploads\/2024\/12\/Casinhas2-scaled.jpeg 1920w\" sizes=\"auto, (max-width: 768px) 100vw, 768px\" \/><button\n\t\t\tclass=\"lightbox-trigger\"\n\t\t\ttype=\"button\"\n\t\t\taria-haspopup=\"dialog\"\n\t\t\taria-label=\"Agrandar\"\n\t\t\tdata-wp-init=\"callbacks.initTriggerButton\"\n\t\t\tdata-wp-on--click=\"actions.showLightbox\"\n\t\t\tdata-wp-style--right=\"state.imageButtonRight\"\n\t\t\tdata-wp-style--top=\"state.imageButtonTop\"\n\t\t>\n\t\t\t<svg xmlns=\"http:\/\/www.w3.org\/2000\/svg\" width=\"12\" height=\"12\" fill=\"none\" viewbox=\"0 0 12 12\">\n\t\t\t\t<path fill=\"#fff\" d=\"M2 0a2 2 0 0 0-2 2v2h1.5V2a.5.5 0 0 1 .5-.5h2V0H2Zm2 10.5H2a.5.5 0 0 1-.5-.5V8H0v2a2 2 0 0 0 2 2h2v-1.5ZM8 12v-1.5h2a.5.5 0 0 0 .5-.5V8H12v2a2 2 0 0 1-2 2H8Zm2-12a2 2 0 0 1 2 2v2h-1.5V2a.5.5 0 0 0-.5-.5H8V0h2Z\" \/>\n\t\t\t<\/svg>\n\t\t<\/button><\/figure>\n<\/div>\n\n\n\n<p>Esta es la descripci\u00f3n que casi todos los humanos recuerdan de sus primeros dibujos gr\u00e1ficos.<br><br>La casa, la familia, el paisaje.<\/p>\n<\/div>\n<\/div>\n<\/div>\n\n\n\n<div class=\"wp-block-columns alignwide is-layout-flex wp-container-core-columns-is-layout-a5cf46d6 wp-block-columns-is-layout-flex\" style=\"margin-bottom:var(--wp--preset--spacing--40)\">\n<div class=\"wp-block-column is-layout-flow wp-block-column-is-layout-flow\" style=\"flex-basis:40%\">\n<div class=\"wp-block-group hostinger-ai-fade-up has-global-padding is-layout-constrained wp-container-core-group-is-layout-29a8626f wp-block-group-is-layout-constrained\" style=\"padding-top:0;padding-right:var(--wp--preset--spacing--20);padding-bottom:0;padding-left:var(--wp--preset--spacing--20)\">\n<figure data-wp-context=\"{&quot;imageId&quot;:&quot;69e1f7bacccc4&quot;}\" data-wp-interactive=\"core\/image\" data-wp-key=\"69e1f7bacccc4\" class=\"wp-block-image size-full has-custom-border hostinger-ai-project-image hostinger-index-10 wp-lightbox-container\"><img loading=\"lazy\" decoding=\"async\" width=\"751\" height=\"1155\" data-wp-class--hide=\"state.isContentHidden\" data-wp-class--show=\"state.isContentVisible\" data-wp-init=\"callbacks.setButtonStyles\" data-wp-on--click=\"actions.showLightbox\" data-wp-on--load=\"callbacks.setButtonStyles\" data-wp-on-window--resize=\"callbacks.setButtonStyles\" src=\"https:\/\/gabialb-art.preview-domain.com\/wp-content\/uploads\/2024\/12\/IMG_7736.jpg\" alt=\"\" class=\"wp-image-82\" style=\"border-radius:8px\" srcset=\"https:\/\/gabialb.art\/wp-content\/uploads\/2024\/12\/IMG_7736.jpg 751w, https:\/\/gabialb.art\/wp-content\/uploads\/2024\/12\/IMG_7736-195x300.jpg 195w, https:\/\/gabialb.art\/wp-content\/uploads\/2024\/12\/IMG_7736-666x1024.jpg 666w\" sizes=\"auto, (max-width: 751px) 100vw, 751px\" \/><button\n\t\t\tclass=\"lightbox-trigger\"\n\t\t\ttype=\"button\"\n\t\t\taria-haspopup=\"dialog\"\n\t\t\taria-label=\"Agrandar\"\n\t\t\tdata-wp-init=\"callbacks.initTriggerButton\"\n\t\t\tdata-wp-on--click=\"actions.showLightbox\"\n\t\t\tdata-wp-style--right=\"state.imageButtonRight\"\n\t\t\tdata-wp-style--top=\"state.imageButtonTop\"\n\t\t>\n\t\t\t<svg xmlns=\"http:\/\/www.w3.org\/2000\/svg\" width=\"12\" height=\"12\" fill=\"none\" viewbox=\"0 0 12 12\">\n\t\t\t\t<path fill=\"#fff\" d=\"M2 0a2 2 0 0 0-2 2v2h1.5V2a.5.5 0 0 1 .5-.5h2V0H2Zm2 10.5H2a.5.5 0 0 1-.5-.5V8H0v2a2 2 0 0 0 2 2h2v-1.5ZM8 12v-1.5h2a.5.5 0 0 0 .5-.5V8H12v2a2 2 0 0 1-2 2H8Zm2-12a2 2 0 0 1 2 2v2h-1.5V2a.5.5 0 0 0-.5-.5H8V0h2Z\" \/>\n\t\t\t<\/svg>\n\t\t<\/button><\/figure>\n\n\n\n<p class=\"has-text-align-left hostinger-ai-project-description has-dark-color has-text-color has-link-color has-medium-font-size wp-elements-a7891cee77b5fdbce282f6a66ab8ca98\" style=\"margin-top:var(--wp--preset--spacing--40);padding-right:var(--wp--preset--spacing--60)\">Tres elementos que nos rodean toda la vida, y la m\u00eda tambi\u00e9n. \u00bfEs posible atravesar la experiencia humana evitando estos elementos? No lo creo...<br><br>Parece que esto es lo que siempre hemos anhelado: un techo, un tejado inclinado, una ventana que pueda estar abierta y amigos o familiares cerca.<br><br>Parece que esto es lo que siempre hemos anhelado: un techo, un tejado inclinado, una ventana que pueda estar abierta y amigos o familiares cerca.<\/p>\n<\/div>\n<\/div>\n\n\n\n<div class=\"wp-block-column is-layout-flow wp-block-column-is-layout-flow\" style=\"flex-basis:60%\">\n<div class=\"wp-block-group hostinger-ai-fade-up has-global-padding is-layout-constrained wp-container-core-group-is-layout-29a8626f wp-block-group-is-layout-constrained\" style=\"padding-top:0;padding-right:var(--wp--preset--spacing--20);padding-bottom:0;padding-left:var(--wp--preset--spacing--20)\">\n<figure data-wp-context=\"{&quot;imageId&quot;:&quot;69e1f7bacd06c&quot;}\" data-wp-interactive=\"core\/image\" data-wp-key=\"69e1f7bacd06c\" class=\"wp-block-image size-full has-custom-border hostinger-ai-project-image hostinger-index-11 wp-lightbox-container\"><img loading=\"lazy\" decoding=\"async\" width=\"2560\" height=\"1831\" data-wp-class--hide=\"state.isContentHidden\" data-wp-class--show=\"state.isContentVisible\" data-wp-init=\"callbacks.setButtonStyles\" data-wp-on--click=\"actions.showLightbox\" data-wp-on--load=\"callbacks.setButtonStyles\" data-wp-on-window--resize=\"callbacks.setButtonStyles\" src=\"https:\/\/gabialb-art.preview-domain.com\/wp-content\/uploads\/2024\/12\/IMG_4789-scaled.jpeg\" alt=\"\" class=\"wp-image-84\" style=\"border-radius:8px\" srcset=\"https:\/\/gabialb.art\/wp-content\/uploads\/2024\/12\/IMG_4789-scaled.jpeg 2560w, https:\/\/gabialb.art\/wp-content\/uploads\/2024\/12\/IMG_4789-300x215.jpeg 300w, https:\/\/gabialb.art\/wp-content\/uploads\/2024\/12\/IMG_4789-1024x732.jpeg 1024w, https:\/\/gabialb.art\/wp-content\/uploads\/2024\/12\/IMG_4789-768x549.jpeg 768w, https:\/\/gabialb.art\/wp-content\/uploads\/2024\/12\/IMG_4789-1536x1098.jpeg 1536w, https:\/\/gabialb.art\/wp-content\/uploads\/2024\/12\/IMG_4789-2048x1464.jpeg 2048w\" sizes=\"auto, (max-width: 2560px) 100vw, 2560px\" \/><button\n\t\t\tclass=\"lightbox-trigger\"\n\t\t\ttype=\"button\"\n\t\t\taria-haspopup=\"dialog\"\n\t\t\taria-label=\"Agrandar\"\n\t\t\tdata-wp-init=\"callbacks.initTriggerButton\"\n\t\t\tdata-wp-on--click=\"actions.showLightbox\"\n\t\t\tdata-wp-style--right=\"state.imageButtonRight\"\n\t\t\tdata-wp-style--top=\"state.imageButtonTop\"\n\t\t>\n\t\t\t<svg xmlns=\"http:\/\/www.w3.org\/2000\/svg\" width=\"12\" height=\"12\" fill=\"none\" viewbox=\"0 0 12 12\">\n\t\t\t\t<path fill=\"#fff\" d=\"M2 0a2 2 0 0 0-2 2v2h1.5V2a.5.5 0 0 1 .5-.5h2V0H2Zm2 10.5H2a.5.5 0 0 1-.5-.5V8H0v2a2 2 0 0 0 2 2h2v-1.5ZM8 12v-1.5h2a.5.5 0 0 0 .5-.5V8H12v2a2 2 0 0 1-2 2H8Zm2-12a2 2 0 0 1 2 2v2h-1.5V2a.5.5 0 0 0-.5-.5H8V0h2Z\" \/>\n\t\t\t<\/svg>\n\t\t<\/button><figcaption class=\"wp-element-caption\">Acuarela y acr\u00edlico sobre papel Arches 56\u00d775<\/figcaption><\/figure>\n\n\n\n<p class=\"has-text-align-left hostinger-ai-project-description hostinger-index-1 has-dark-color has-text-color has-link-color has-medium-font-size wp-elements-4c7cb3547a50534e13339be756bee0cb\" style=\"margin-top:var(--wp--preset--spacing--40);padding-right:var(--wp--preset--spacing--60)\">Estas casas ped\u00edan espacio, sal\u00edan del cuaderno y empezaban a agruparse en cuadros m\u00e1s grandes, conect\u00e1ndose o desconect\u00e1ndose unas de otras a trav\u00e9s de puentes, pasadizos, escaleras y t\u00faneles.<br><br>En las pinturas, son s\u00f3lo ellos, sin menci\u00f3n de las figuras humanas que sin duda estuvieron o siguen estando all\u00ed. Manchas en ondas sinuosas cubren lo que fue, o revelan lo que est\u00e1 por venir.<br><br>Las casas, as\u00ed dise\u00f1adas y confundidas, son una especie de homenaje a nuestra mayor b\u00fasqueda, un lugar seguro en este mundo, en esta existencia.<br><br>Un hogar deber\u00eda ser el precepto b\u00e1sico, el punto de partida de nuestra dignidad, pero cada vez m\u00e1s se est\u00e1 convirtiendo en un lujo. Por diversas razones, desde aspectos pol\u00edticos y sociales hasta las consecuencias cada vez m\u00e1s intensas de nuestro descuido del planeta, las viviendas se est\u00e1n convirtiendo en un privilegio. La vivienda est\u00e1 cada vez m\u00e1s amenazada, lo que nos aleja a\u00fan m\u00e1s de aquel primer ideal de la infancia.<\/p>\n<\/div>\n<\/div>\n<\/div>\n\n\n\n<figure class=\"wp-block-video\"><video height=\"1080\" style=\"aspect-ratio: 1920 \/ 1080;\" width=\"1920\" controls src=\"https:\/\/gabialb.art\/wp-content\/uploads\/2024\/12\/IMG_7125.mov\"><\/video><\/figure>\n\n\n\n<p>Si entre cuatro paredes hacemos posibles nuestras conexiones m\u00e1s \u00edntimas, nuestros dolores m\u00e1s profundos, nuestros secretos mejor guardados y nuestros recuerdos m\u00e1s preciados, \u00bfc\u00f3mo podemos vivir sin ellas?<br><br>No estamos preparados para la ociosidad que se extiende cada vez m\u00e1s por el mundo.<br><br>Las casas, ciudades y carreteras imaginarias que aparecen en estos cuadros pueden ser lo que fue, lo que ya no ser\u00e1 o lo que ser\u00e1. Este gran \u201cmapa imaginario\u201d es una invitaci\u00f3n a pensar juntos, a abrir las compuertas de la imaginaci\u00f3n a nuevas formas de vivir posibles en medio de tiempos \u201ctan interesantes\u201d.<\/p>","protected":false},"excerpt":{"rendered":"<p>Galeria Coletivo Amarelo, Lisboa, 2024 &#8211; Espa\u00e7o Project Room, curadoria de Cristiana Tejo S\u00f3 as casas explicam que exista uma palavra como intimidade Ruy Belo A casinha de palitos, desenhada a l\u00e1pis de cor, um ret\u00e2ngulo meio desarrumado, um telhado meio triangular, perdida em uma paisagem qualquer, com sol e nuvens ao fundo. Ao lado [&hellip;]<\/p>","protected":false},"author":1,"featured_media":0,"parent":0,"menu_order":0,"comment_status":"closed","ping_status":"closed","template":"","meta":{"footnotes":""},"class_list":["post-98","page","type-page","status-publish","hentry"],"_links":{"self":[{"href":"https:\/\/gabialb.art\/es\/wp-json\/wp\/v2\/pages\/98","targetHints":{"allow":["GET"]}}],"collection":[{"href":"https:\/\/gabialb.art\/es\/wp-json\/wp\/v2\/pages"}],"about":[{"href":"https:\/\/gabialb.art\/es\/wp-json\/wp\/v2\/types\/page"}],"author":[{"embeddable":true,"href":"https:\/\/gabialb.art\/es\/wp-json\/wp\/v2\/users\/1"}],"replies":[{"embeddable":true,"href":"https:\/\/gabialb.art\/es\/wp-json\/wp\/v2\/comments?post=98"}],"version-history":[{"count":8,"href":"https:\/\/gabialb.art\/es\/wp-json\/wp\/v2\/pages\/98\/revisions"}],"predecessor-version":[{"id":225,"href":"https:\/\/gabialb.art\/es\/wp-json\/wp\/v2\/pages\/98\/revisions\/225"}],"wp:attachment":[{"href":"https:\/\/gabialb.art\/es\/wp-json\/wp\/v2\/media?parent=98"}],"curies":[{"name":"wp","href":"https:\/\/api.w.org\/{rel}","templated":true}]}}