{"id":28,"date":"2024-12-11T13:12:16","date_gmt":"2024-12-11T13:12:16","guid":{"rendered":"https:\/\/gabialb.art\/sobre\/"},"modified":"2024-12-17T21:21:18","modified_gmt":"2024-12-17T21:21:18","slug":"sobre","status":"publish","type":"page","link":"https:\/\/gabialb.art\/es\/sobre\/","title":{"rendered":"Acerca de"},"content":{"rendered":"<div class=\"wp-block-group alignfull hostinger-ai-resume-1 hostinger-ai-fade-up has-global-padding is-layout-constrained wp-block-group-is-layout-constrained\">\n<div class=\"wp-block-group alignwide hostinger-ai-fade-up is-layout-grid wp-container-core-group-is-layout-b2a6df44 wp-block-group-is-layout-grid\" style=\"padding-top:var(--wp--preset--spacing--60);padding-bottom:var(--wp--preset--spacing--60)\">\n<div class=\"wp-block-group hostinger-ai-fade-up has-global-padding is-layout-constrained wp-block-group-is-layout-constrained\">\n<figure class=\"wp-block-image size-full has-custom-border hostinger-ai-image\"><img loading=\"lazy\" decoding=\"async\" width=\"636\" height=\"784\" src=\"https:\/\/gabialb-art.preview-domain.com\/wp-content\/uploads\/2024\/12\/Captura-de-Tela-2024-12-11-as-12.24.55.png\" alt=\"\" class=\"wp-image-38\" style=\"border-radius:8px\" srcset=\"https:\/\/gabialb.art\/wp-content\/uploads\/2024\/12\/Captura-de-Tela-2024-12-11-as-12.24.55.png 636w, https:\/\/gabialb.art\/wp-content\/uploads\/2024\/12\/Captura-de-Tela-2024-12-11-as-12.24.55-243x300.png 243w\" sizes=\"auto, (max-width: 636px) 100vw, 636px\" \/><\/figure>\n<\/div>\n\n\n\n<div class=\"wp-block-group hostinger-ai-fade-up wp-container-content-5e2576f9 is-vertical is-content-justification-left is-nowrap is-layout-flex wp-container-core-group-is-layout-cb02dbd6 wp-block-group-is-layout-flex\" style=\"padding-right:var(--wp--preset--spacing--60);padding-left:var(--wp--preset--spacing--60)\">\n<h2 class=\"wp-block-heading hostinger-ai-title has-dark-color has-text-color has-link-color has-x-large-font-size wp-elements-7a0bc17a259bc3fd9c36fe635fd8e268\" style=\"margin-bottom:var(--wp--preset--spacing--20)\">Gabriela Albuquerque<\/h2>\n\n\n\n<p class=\"hostinger-ai-description has-dark-color has-text-color has-link-color has-medium-font-size wp-elements-5df1121b28e3a43d240bf4f740d64922\" style=\"margin-top:0;margin-bottom:var(--wp--preset--spacing--70)\">\u00a1HOLA! Soy Gabriela. Vivo fuera de Brasil desde 2014, primero en Estados Unidos y ahora en Lisboa, Portugal. Todas mis residencias han a\u00f1adido capas de significado y b\u00fasqueda a mi trabajo, que sobre todo reflejan el papel de la mujer, madre y artista en este mundo globalizado que nos desaf\u00eda constantemente. Me gusta experimentar y mi investigaci\u00f3n hace uso de todas las t\u00e9cnicas y materiales disponibles. El dibujo, la fotograf\u00eda, la pintura, el v\u00eddeo y la escritura son mis formas de expresi\u00f3n. La realidad y mi entorno son los que me impulsan a crear y a pensar en c\u00f3mo traducir art\u00edsticamente lo que me atraviesa.<\/p>\n\n\n\n<h2 class=\"wp-block-heading hostinger-ai-title hostinger-index-1 has-x-large-font-size\" style=\"margin-bottom:var(--wp--preset--spacing--30)\">Sobre m\u00ed<\/h2>\n\n\n\n<p class=\"hostinger-ai-subtitle hostinger-index-1 hostinger-ai-font-bold\">Mi carrera art\u00edstica<\/p>\n\n\n\n<p class=\"hostinger-ai-description hostinger-index-1\" style=\"margin-bottom:var(--wp--preset--spacing--50)\">Inici\u00f3 su formaci\u00f3n profesional con una licenciatura en Literatura por la Universidad de S\u00e3o Paulo, seguida de otra en Cr\u00edtica y Comisariado por la PUC-SP. Ha trabajado profesionalmente en el campo del comisariado y la cr\u00edtica de arte en la ciudad de S\u00e3o Paulo.<\/p>\n\n\n\n<p>Emigr\u00f3 a Washington DC, en Estados Unidos, y comenz\u00f3 su formaci\u00f3n pr\u00e1ctica como artista visual en la escuela Art League de Alexandria, Virginia. Particip\u00f3 activamente en grupos, reuniones y talleres organizados por la Smithsonian Institution y la National Gallery of Art.<\/p>\n\n\n\n<p><\/p>\n\n\n\n<p>Se traslada a Seattle e ingresa en la Gage Academy of Art, donde contin\u00faa su formaci\u00f3n art\u00edstica.<\/p>\n\n\n\n<p class=\"hostinger-ai-description hostinger-index-1\" style=\"margin-bottom:var(--wp--preset--spacing--50)\">Actualmente vive en Cascais, Portugal. Complet\u00f3 su formaci\u00f3n en Pintura en el centro de estudios portugu\u00e9s Ar.CO y form\u00f3 parte del grupo de estudio y acompa\u00f1amiento cr\u00edtico NowHere, bajo la direcci\u00f3n de la comisaria Cristiana Tejo.<br>Es socia fundadora de <a href=\"http:\/\/coletivoamarelo.com\">Colectivo amarillo<\/a>, Galer\u00eda de arte que promueve artistas y debates sobre arte contempor\u00e1neo.<\/p>\n\n\n\n<p class=\"hostinger-ai-subtitle hostinger-index-2 hostinger-ai-font-bold\"><\/p>\n<\/div>\n<\/div>\n<\/div>","protected":false},"excerpt":{"rendered":"<p>Gabriela Albuquerque OL\u00c1! Eu sou a Gabriela. Desde 2014 vivo fora do Brasil, primeiro nos EUA e atualmente em Lisboa, Portugal. Todas as minhas moradias acrescentaram camadas de significa\u00e7\u00e3o e busca no meu trabalho, que refletem sobretudo, o papel da mulher, m\u00e3e e artista, dentro desse mundo globalizado que nos desafia constantemente. Gosto da experimenta\u00e7\u00e3o [&hellip;]<\/p>","protected":false},"author":1,"featured_media":0,"parent":0,"menu_order":0,"comment_status":"closed","ping_status":"closed","template":"","meta":{"footnotes":""},"class_list":["post-28","page","type-page","status-publish","hentry"],"_links":{"self":[{"href":"https:\/\/gabialb.art\/es\/wp-json\/wp\/v2\/pages\/28","targetHints":{"allow":["GET"]}}],"collection":[{"href":"https:\/\/gabialb.art\/es\/wp-json\/wp\/v2\/pages"}],"about":[{"href":"https:\/\/gabialb.art\/es\/wp-json\/wp\/v2\/types\/page"}],"author":[{"embeddable":true,"href":"https:\/\/gabialb.art\/es\/wp-json\/wp\/v2\/users\/1"}],"replies":[{"embeddable":true,"href":"https:\/\/gabialb.art\/es\/wp-json\/wp\/v2\/comments?post=28"}],"version-history":[{"count":3,"href":"https:\/\/gabialb.art\/es\/wp-json\/wp\/v2\/pages\/28\/revisions"}],"predecessor-version":[{"id":155,"href":"https:\/\/gabialb.art\/es\/wp-json\/wp\/v2\/pages\/28\/revisions\/155"}],"wp:attachment":[{"href":"https:\/\/gabialb.art\/es\/wp-json\/wp\/v2\/media?parent=28"}],"curies":[{"name":"wp","href":"https:\/\/api.w.org\/{rel}","templated":true}]}}