{"id":140,"date":"2024-12-17T21:13:47","date_gmt":"2024-12-17T21:13:47","guid":{"rendered":"https:\/\/gabialb.art\/?page_id=140"},"modified":"2025-12-06T16:13:23","modified_gmt":"2025-12-06T16:13:23","slug":"affordable-art-fairs","status":"publish","type":"page","link":"https:\/\/gabialb.art\/es\/affordable-art-fairs\/","title":{"rendered":"Ferias de arte asequibles"},"content":{"rendered":"<div class=\"wp-block-group alignfull has-light-background-color has-background has-global-padding is-layout-constrained wp-container-core-group-is-layout-0747478d wp-block-group-is-layout-constrained\" style=\"padding-top:var(--wp--preset--spacing--50);padding-right:var(--wp--preset--spacing--50);padding-bottom:var(--wp--preset--spacing--50);padding-left:var(--wp--preset--spacing--50)\">\n<p class=\"has-text-align-left has-large-font-size\"><strong>Bruselas - 2024\/2025 <br>Hamburgo - 2023\/2024\/2025<br>Berl\u00edn - 2024\/2025<br>Amsterdam - 2023<\/strong><\/p>\n<\/div>\n\n\n\n<h2 class=\"wp-block-heading\"> Playa de Adraga<\/h2>\n\n\n\n<div class=\"wp-block-media-text is-stacked-on-mobile\"><figure class=\"wp-block-media-text__media\"><video controls src=\"https:\/\/gabialb.art\/wp-content\/uploads\/2025\/12\/Video-Adraga.mp4\"><\/video><\/figure><div class=\"wp-block-media-text__content\">\n<p><em>La serie consta de 4 \u00f3leos sobre papel, que ilustran la Praia da Adraga en Sintra, Portugal, en diferentes \u00e9pocas del a\u00f1o, desde el punto de vista del artista<\/em><\/p>\n<\/div><\/div>\n\n\n\n<div class=\"wp-block-columns is-layout-flex wp-container-core-columns-is-layout-28f84493 wp-block-columns-is-layout-flex\">\n<div class=\"wp-block-column is-layout-flow wp-block-column-is-layout-flow\">\n<figure data-wp-context=\"{&quot;imageId&quot;:&quot;69e1fc7c578d3&quot;}\" data-wp-interactive=\"core\/image\" data-wp-key=\"69e1fc7c578d3\" class=\"wp-block-image size-large is-resized wp-lightbox-container\"><img loading=\"lazy\" decoding=\"async\" width=\"719\" height=\"1024\" data-wp-class--hide=\"state.isContentHidden\" data-wp-class--show=\"state.isContentVisible\" data-wp-init=\"callbacks.setButtonStyles\" data-wp-on--click=\"actions.showLightbox\" data-wp-on--load=\"callbacks.setButtonStyles\" data-wp-on-window--resize=\"callbacks.setButtonStyles\" src=\"https:\/\/gabialb-art.preview-domain.com\/wp-content\/uploads\/2024\/12\/16F10227-13F4-4073-AE70-9F2E7B5BA243_1_201_a-719x1024.jpg\" alt=\"\" class=\"wp-image-173\" style=\"width:auto;height:450px\" srcset=\"https:\/\/gabialb.art\/wp-content\/uploads\/2024\/12\/16F10227-13F4-4073-AE70-9F2E7B5BA243_1_201_a-719x1024.jpg 719w, https:\/\/gabialb.art\/wp-content\/uploads\/2024\/12\/16F10227-13F4-4073-AE70-9F2E7B5BA243_1_201_a-211x300.jpg 211w, https:\/\/gabialb.art\/wp-content\/uploads\/2024\/12\/16F10227-13F4-4073-AE70-9F2E7B5BA243_1_201_a-768x1094.jpg 768w, https:\/\/gabialb.art\/wp-content\/uploads\/2024\/12\/16F10227-13F4-4073-AE70-9F2E7B5BA243_1_201_a-1079x1536.jpg 1079w, https:\/\/gabialb.art\/wp-content\/uploads\/2024\/12\/16F10227-13F4-4073-AE70-9F2E7B5BA243_1_201_a.jpg 1281w\" sizes=\"auto, (max-width: 719px) 100vw, 719px\" \/><button\n\t\t\tclass=\"lightbox-trigger\"\n\t\t\ttype=\"button\"\n\t\t\taria-haspopup=\"dialog\"\n\t\t\taria-label=\"Agrandar\"\n\t\t\tdata-wp-init=\"callbacks.initTriggerButton\"\n\t\t\tdata-wp-on--click=\"actions.showLightbox\"\n\t\t\tdata-wp-style--right=\"state.imageButtonRight\"\n\t\t\tdata-wp-style--top=\"state.imageButtonTop\"\n\t\t>\n\t\t\t<svg xmlns=\"http:\/\/www.w3.org\/2000\/svg\" width=\"12\" height=\"12\" fill=\"none\" viewbox=\"0 0 12 12\">\n\t\t\t\t<path fill=\"#fff\" d=\"M2 0a2 2 0 0 0-2 2v2h1.5V2a.5.5 0 0 1 .5-.5h2V0H2Zm2 10.5H2a.5.5 0 0 1-.5-.5V8H0v2a2 2 0 0 0 2 2h2v-1.5ZM8 12v-1.5h2a.5.5 0 0 0 .5-.5V8H12v2a2 2 0 0 1-2 2H8Zm2-12a2 2 0 0 1 2 2v2h-1.5V2a.5.5 0 0 0-.5-.5H8V0h2Z\" \/>\n\t\t\t<\/svg>\n\t\t<\/button><figcaption class=\"wp-element-caption\">Adraga en azul oscuro, 2024<\/figcaption><\/figure>\n<\/div>\n\n\n\n<div class=\"wp-block-column is-layout-flow wp-block-column-is-layout-flow\">\n<figure data-wp-context=\"{&quot;imageId&quot;:&quot;69e1fc7c57d69&quot;}\" data-wp-interactive=\"core\/image\" data-wp-key=\"69e1fc7c57d69\" class=\"wp-block-image size-large is-resized wp-lightbox-container\"><img loading=\"lazy\" decoding=\"async\" width=\"730\" height=\"1024\" data-wp-class--hide=\"state.isContentHidden\" data-wp-class--show=\"state.isContentVisible\" data-wp-init=\"callbacks.setButtonStyles\" data-wp-on--click=\"actions.showLightbox\" data-wp-on--load=\"callbacks.setButtonStyles\" data-wp-on-window--resize=\"callbacks.setButtonStyles\" src=\"https:\/\/gabialb-art.preview-domain.com\/wp-content\/uploads\/2024\/12\/19438B88-ED3D-4C86-8339-0021C1A2CFAB_1_201_a-730x1024.jpg\" alt=\"\" class=\"wp-image-174\" style=\"width:auto;height:450px\" srcset=\"https:\/\/gabialb.art\/wp-content\/uploads\/2024\/12\/19438B88-ED3D-4C86-8339-0021C1A2CFAB_1_201_a-730x1024.jpg 730w, https:\/\/gabialb.art\/wp-content\/uploads\/2024\/12\/19438B88-ED3D-4C86-8339-0021C1A2CFAB_1_201_a-214x300.jpg 214w, https:\/\/gabialb.art\/wp-content\/uploads\/2024\/12\/19438B88-ED3D-4C86-8339-0021C1A2CFAB_1_201_a-768x1077.jpg 768w, https:\/\/gabialb.art\/wp-content\/uploads\/2024\/12\/19438B88-ED3D-4C86-8339-0021C1A2CFAB_1_201_a-1096x1536.jpg 1096w, https:\/\/gabialb.art\/wp-content\/uploads\/2024\/12\/19438B88-ED3D-4C86-8339-0021C1A2CFAB_1_201_a-1461x2048.jpg 1461w, https:\/\/gabialb.art\/wp-content\/uploads\/2024\/12\/19438B88-ED3D-4C86-8339-0021C1A2CFAB_1_201_a-scaled.jpg 1826w\" sizes=\"auto, (max-width: 730px) 100vw, 730px\" \/><button\n\t\t\tclass=\"lightbox-trigger\"\n\t\t\ttype=\"button\"\n\t\t\taria-haspopup=\"dialog\"\n\t\t\taria-label=\"Agrandar\"\n\t\t\tdata-wp-init=\"callbacks.initTriggerButton\"\n\t\t\tdata-wp-on--click=\"actions.showLightbox\"\n\t\t\tdata-wp-style--right=\"state.imageButtonRight\"\n\t\t\tdata-wp-style--top=\"state.imageButtonTop\"\n\t\t>\n\t\t\t<svg xmlns=\"http:\/\/www.w3.org\/2000\/svg\" width=\"12\" height=\"12\" fill=\"none\" viewbox=\"0 0 12 12\">\n\t\t\t\t<path fill=\"#fff\" d=\"M2 0a2 2 0 0 0-2 2v2h1.5V2a.5.5 0 0 1 .5-.5h2V0H2Zm2 10.5H2a.5.5 0 0 1-.5-.5V8H0v2a2 2 0 0 0 2 2h2v-1.5ZM8 12v-1.5h2a.5.5 0 0 0 .5-.5V8H12v2a2 2 0 0 1-2 2H8Zm2-12a2 2 0 0 1 2 2v2h-1.5V2a.5.5 0 0 0-.5-.5H8V0h2Z\" \/>\n\t\t\t<\/svg>\n\t\t<\/button><figcaption class=\"wp-element-caption\">Adraga en tonos grises, 2024<\/figcaption><\/figure>\n<\/div>\n<\/div>\n\n\n\n<div class=\"wp-block-columns is-layout-flex wp-container-core-columns-is-layout-28f84493 wp-block-columns-is-layout-flex\">\n<div class=\"wp-block-column is-layout-flow wp-block-column-is-layout-flow\">\n<figure data-wp-context=\"{&quot;imageId&quot;:&quot;69e1fc7c582af&quot;}\" data-wp-interactive=\"core\/image\" data-wp-key=\"69e1fc7c582af\" class=\"wp-block-image size-full is-resized wp-lightbox-container\"><img loading=\"lazy\" decoding=\"async\" width=\"1848\" height=\"2560\" data-wp-class--hide=\"state.isContentHidden\" data-wp-class--show=\"state.isContentVisible\" data-wp-init=\"callbacks.setButtonStyles\" data-wp-on--click=\"actions.showLightbox\" data-wp-on--load=\"callbacks.setButtonStyles\" data-wp-on-window--resize=\"callbacks.setButtonStyles\" src=\"https:\/\/gabialb-art.preview-domain.com\/wp-content\/uploads\/2024\/12\/IMG_0516-scaled.jpeg\" alt=\"\" class=\"wp-image-175\" style=\"width:auto;height:450px\" srcset=\"https:\/\/gabialb.art\/wp-content\/uploads\/2024\/12\/IMG_0516-scaled.jpeg 1848w, https:\/\/gabialb.art\/wp-content\/uploads\/2024\/12\/IMG_0516-217x300.jpeg 217w, https:\/\/gabialb.art\/wp-content\/uploads\/2024\/12\/IMG_0516-739x1024.jpeg 739w, https:\/\/gabialb.art\/wp-content\/uploads\/2024\/12\/IMG_0516-768x1064.jpeg 768w, https:\/\/gabialb.art\/wp-content\/uploads\/2024\/12\/IMG_0516-1109x1536.jpeg 1109w, https:\/\/gabialb.art\/wp-content\/uploads\/2024\/12\/IMG_0516-1478x2048.jpeg 1478w\" sizes=\"auto, (max-width: 1848px) 100vw, 1848px\" \/><button\n\t\t\tclass=\"lightbox-trigger\"\n\t\t\ttype=\"button\"\n\t\t\taria-haspopup=\"dialog\"\n\t\t\taria-label=\"Agrandar\"\n\t\t\tdata-wp-init=\"callbacks.initTriggerButton\"\n\t\t\tdata-wp-on--click=\"actions.showLightbox\"\n\t\t\tdata-wp-style--right=\"state.imageButtonRight\"\n\t\t\tdata-wp-style--top=\"state.imageButtonTop\"\n\t\t>\n\t\t\t<svg xmlns=\"http:\/\/www.w3.org\/2000\/svg\" width=\"12\" height=\"12\" fill=\"none\" viewbox=\"0 0 12 12\">\n\t\t\t\t<path fill=\"#fff\" d=\"M2 0a2 2 0 0 0-2 2v2h1.5V2a.5.5 0 0 1 .5-.5h2V0H2Zm2 10.5H2a.5.5 0 0 1-.5-.5V8H0v2a2 2 0 0 0 2 2h2v-1.5ZM8 12v-1.5h2a.5.5 0 0 0 .5-.5V8H12v2a2 2 0 0 1-2 2H8Zm2-12a2 2 0 0 1 2 2v2h-1.5V2a.5.5 0 0 0-.5-.5H8V0h2Z\" \/>\n\t\t\t<\/svg>\n\t\t<\/button><figcaption class=\"wp-element-caption\">Adraga despu\u00e9s de la lluvia<\/figcaption><\/figure>\n<\/div>\n\n\n\n<div class=\"wp-block-column is-layout-flow wp-block-column-is-layout-flow\">\n<figure data-wp-context=\"{&quot;imageId&quot;:&quot;69e1fc7c58712&quot;}\" data-wp-interactive=\"core\/image\" data-wp-key=\"69e1fc7c58712\" class=\"wp-block-image size-full is-resized wp-lightbox-container\"><img loading=\"lazy\" decoding=\"async\" width=\"1725\" height=\"2560\" data-wp-class--hide=\"state.isContentHidden\" data-wp-class--show=\"state.isContentVisible\" data-wp-init=\"callbacks.setButtonStyles\" data-wp-on--click=\"actions.showLightbox\" data-wp-on--load=\"callbacks.setButtonStyles\" data-wp-on-window--resize=\"callbacks.setButtonStyles\" src=\"https:\/\/gabialb-art.preview-domain.com\/wp-content\/uploads\/2024\/12\/IMG_0515-scaled.jpeg\" alt=\"\" class=\"wp-image-176\" style=\"width:auto;height:450px\" srcset=\"https:\/\/gabialb.art\/wp-content\/uploads\/2024\/12\/IMG_0515-scaled.jpeg 1725w, https:\/\/gabialb.art\/wp-content\/uploads\/2024\/12\/IMG_0515-202x300.jpeg 202w, https:\/\/gabialb.art\/wp-content\/uploads\/2024\/12\/IMG_0515-690x1024.jpeg 690w, https:\/\/gabialb.art\/wp-content\/uploads\/2024\/12\/IMG_0515-768x1140.jpeg 768w, https:\/\/gabialb.art\/wp-content\/uploads\/2024\/12\/IMG_0515-1035x1536.jpeg 1035w, https:\/\/gabialb.art\/wp-content\/uploads\/2024\/12\/IMG_0515-1380x2048.jpeg 1380w\" sizes=\"auto, (max-width: 1725px) 100vw, 1725px\" \/><button\n\t\t\tclass=\"lightbox-trigger\"\n\t\t\ttype=\"button\"\n\t\t\taria-haspopup=\"dialog\"\n\t\t\taria-label=\"Agrandar\"\n\t\t\tdata-wp-init=\"callbacks.initTriggerButton\"\n\t\t\tdata-wp-on--click=\"actions.showLightbox\"\n\t\t\tdata-wp-style--right=\"state.imageButtonRight\"\n\t\t\tdata-wp-style--top=\"state.imageButtonTop\"\n\t\t>\n\t\t\t<svg xmlns=\"http:\/\/www.w3.org\/2000\/svg\" width=\"12\" height=\"12\" fill=\"none\" viewbox=\"0 0 12 12\">\n\t\t\t\t<path fill=\"#fff\" d=\"M2 0a2 2 0 0 0-2 2v2h1.5V2a.5.5 0 0 1 .5-.5h2V0H2Zm2 10.5H2a.5.5 0 0 1-.5-.5V8H0v2a2 2 0 0 0 2 2h2v-1.5ZM8 12v-1.5h2a.5.5 0 0 0 .5-.5V8H12v2a2 2 0 0 1-2 2H8Zm2-12a2 2 0 0 1 2 2v2h-1.5V2a.5.5 0 0 0-.5-.5H8V0h2Z\" \/>\n\t\t\t<\/svg>\n\t\t<\/button><figcaption class=\"wp-element-caption\">Adraga al amanecer<\/figcaption><\/figure>\n<\/div>\n<\/div>\n\n\n\n<h2 class=\"wp-block-heading\">Agua y fuego<\/h2>\n\n\n\n<div class=\"wp-block-columns is-layout-flex wp-container-core-columns-is-layout-28f84493 wp-block-columns-is-layout-flex\">\n<div class=\"wp-block-column is-layout-flow wp-block-column-is-layout-flow\">\n<figure data-wp-context=\"{&quot;imageId&quot;:&quot;69e1fc7c58bbc&quot;}\" data-wp-interactive=\"core\/image\" data-wp-key=\"69e1fc7c58bbc\" class=\"wp-block-image size-full is-resized wp-lightbox-container\"><img loading=\"lazy\" decoding=\"async\" width=\"1726\" height=\"1420\" data-wp-class--hide=\"state.isContentHidden\" data-wp-class--show=\"state.isContentVisible\" data-wp-init=\"callbacks.setButtonStyles\" data-wp-on--click=\"actions.showLightbox\" data-wp-on--load=\"callbacks.setButtonStyles\" data-wp-on-window--resize=\"callbacks.setButtonStyles\" src=\"https:\/\/gabialb-art.preview-domain.com\/wp-content\/uploads\/2024\/12\/Rio-purpura.jpg\" alt=\"\" class=\"wp-image-147\" style=\"width:auto;height:250px\" srcset=\"https:\/\/gabialb.art\/wp-content\/uploads\/2024\/12\/Rio-purpura.jpg 1726w, https:\/\/gabialb.art\/wp-content\/uploads\/2024\/12\/Rio-purpura-300x247.jpg 300w, https:\/\/gabialb.art\/wp-content\/uploads\/2024\/12\/Rio-purpura-1024x842.jpg 1024w, https:\/\/gabialb.art\/wp-content\/uploads\/2024\/12\/Rio-purpura-768x632.jpg 768w, https:\/\/gabialb.art\/wp-content\/uploads\/2024\/12\/Rio-purpura-1536x1264.jpg 1536w\" sizes=\"auto, (max-width: 1726px) 100vw, 1726px\" \/><button\n\t\t\tclass=\"lightbox-trigger\"\n\t\t\ttype=\"button\"\n\t\t\taria-haspopup=\"dialog\"\n\t\t\taria-label=\"Agrandar\"\n\t\t\tdata-wp-init=\"callbacks.initTriggerButton\"\n\t\t\tdata-wp-on--click=\"actions.showLightbox\"\n\t\t\tdata-wp-style--right=\"state.imageButtonRight\"\n\t\t\tdata-wp-style--top=\"state.imageButtonTop\"\n\t\t>\n\t\t\t<svg xmlns=\"http:\/\/www.w3.org\/2000\/svg\" width=\"12\" height=\"12\" fill=\"none\" viewbox=\"0 0 12 12\">\n\t\t\t\t<path fill=\"#fff\" d=\"M2 0a2 2 0 0 0-2 2v2h1.5V2a.5.5 0 0 1 .5-.5h2V0H2Zm2 10.5H2a.5.5 0 0 1-.5-.5V8H0v2a2 2 0 0 0 2 2h2v-1.5ZM8 12v-1.5h2a.5.5 0 0 0 .5-.5V8H12v2a2 2 0 0 1-2 2H8Zm2-12a2 2 0 0 1 2 2v2h-1.5V2a.5.5 0 0 0-.5-.5H8V0h2Z\" \/>\n\t\t\t<\/svg>\n\t\t<\/button><figcaption class=\"wp-element-caption\">R\u00edo P\u00farpura, 2024<\/figcaption><\/figure>\n\n\n\n<figure data-wp-context=\"{&quot;imageId&quot;:&quot;69e1fc7c58f35&quot;}\" data-wp-interactive=\"core\/image\" data-wp-key=\"69e1fc7c58f35\" class=\"wp-block-image size-full is-resized wp-lightbox-container\"><img loading=\"lazy\" decoding=\"async\" width=\"2560\" height=\"2026\" data-wp-class--hide=\"state.isContentHidden\" data-wp-class--show=\"state.isContentVisible\" data-wp-init=\"callbacks.setButtonStyles\" data-wp-on--click=\"actions.showLightbox\" data-wp-on--load=\"callbacks.setButtonStyles\" data-wp-on-window--resize=\"callbacks.setButtonStyles\" src=\"https:\/\/gabialb-art.preview-domain.com\/wp-content\/uploads\/2024\/12\/IMG_0816-scaled.jpeg\" alt=\"\" class=\"wp-image-177\" style=\"width:auto;height:250px\" srcset=\"https:\/\/gabialb.art\/wp-content\/uploads\/2024\/12\/IMG_0816-scaled.jpeg 2560w, https:\/\/gabialb.art\/wp-content\/uploads\/2024\/12\/IMG_0816-300x237.jpeg 300w, https:\/\/gabialb.art\/wp-content\/uploads\/2024\/12\/IMG_0816-1024x811.jpeg 1024w, https:\/\/gabialb.art\/wp-content\/uploads\/2024\/12\/IMG_0816-768x608.jpeg 768w, https:\/\/gabialb.art\/wp-content\/uploads\/2024\/12\/IMG_0816-1536x1216.jpeg 1536w, https:\/\/gabialb.art\/wp-content\/uploads\/2024\/12\/IMG_0816-2048x1621.jpeg 2048w\" sizes=\"auto, (max-width: 2560px) 100vw, 2560px\" \/><button\n\t\t\tclass=\"lightbox-trigger\"\n\t\t\ttype=\"button\"\n\t\t\taria-haspopup=\"dialog\"\n\t\t\taria-label=\"Agrandar\"\n\t\t\tdata-wp-init=\"callbacks.initTriggerButton\"\n\t\t\tdata-wp-on--click=\"actions.showLightbox\"\n\t\t\tdata-wp-style--right=\"state.imageButtonRight\"\n\t\t\tdata-wp-style--top=\"state.imageButtonTop\"\n\t\t>\n\t\t\t<svg xmlns=\"http:\/\/www.w3.org\/2000\/svg\" width=\"12\" height=\"12\" fill=\"none\" viewbox=\"0 0 12 12\">\n\t\t\t\t<path fill=\"#fff\" d=\"M2 0a2 2 0 0 0-2 2v2h1.5V2a.5.5 0 0 1 .5-.5h2V0H2Zm2 10.5H2a.5.5 0 0 1-.5-.5V8H0v2a2 2 0 0 0 2 2h2v-1.5ZM8 12v-1.5h2a.5.5 0 0 0 .5-.5V8H12v2a2 2 0 0 1-2 2H8Zm2-12a2 2 0 0 1 2 2v2h-1.5V2a.5.5 0 0 0-.5-.5H8V0h2Z\" \/>\n\t\t\t<\/svg>\n\t\t<\/button><figcaption class=\"wp-element-caption\">R\u00edo blanco bajo un cielo en llamas, 2024<\/figcaption><\/figure>\n<\/div>\n\n\n\n<div class=\"wp-block-column is-vertically-aligned-center is-layout-flow wp-block-column-is-layout-flow\">\n<figure data-wp-context=\"{&quot;imageId&quot;:&quot;69e1fc7c5933b&quot;}\" data-wp-interactive=\"core\/image\" data-wp-key=\"69e1fc7c5933b\" class=\"wp-block-image size-full is-resized wp-lightbox-container\"><img loading=\"lazy\" decoding=\"async\" width=\"1935\" height=\"1447\" data-wp-class--hide=\"state.isContentHidden\" data-wp-class--show=\"state.isContentVisible\" data-wp-init=\"callbacks.setButtonStyles\" data-wp-on--click=\"actions.showLightbox\" data-wp-on--load=\"callbacks.setButtonStyles\" data-wp-on-window--resize=\"callbacks.setButtonStyles\" src=\"https:\/\/gabialb-art.preview-domain.com\/wp-content\/uploads\/2024\/12\/Oceano-em-chamas.jpg\" alt=\"\" class=\"wp-image-148\" style=\"width:auto;height:250px\" srcset=\"https:\/\/gabialb.art\/wp-content\/uploads\/2024\/12\/Oceano-em-chamas.jpg 1935w, https:\/\/gabialb.art\/wp-content\/uploads\/2024\/12\/Oceano-em-chamas-300x224.jpg 300w, https:\/\/gabialb.art\/wp-content\/uploads\/2024\/12\/Oceano-em-chamas-1024x766.jpg 1024w, https:\/\/gabialb.art\/wp-content\/uploads\/2024\/12\/Oceano-em-chamas-768x574.jpg 768w, https:\/\/gabialb.art\/wp-content\/uploads\/2024\/12\/Oceano-em-chamas-1536x1149.jpg 1536w\" sizes=\"auto, (max-width: 1935px) 100vw, 1935px\" \/><button\n\t\t\tclass=\"lightbox-trigger\"\n\t\t\ttype=\"button\"\n\t\t\taria-haspopup=\"dialog\"\n\t\t\taria-label=\"Agrandar\"\n\t\t\tdata-wp-init=\"callbacks.initTriggerButton\"\n\t\t\tdata-wp-on--click=\"actions.showLightbox\"\n\t\t\tdata-wp-style--right=\"state.imageButtonRight\"\n\t\t\tdata-wp-style--top=\"state.imageButtonTop\"\n\t\t>\n\t\t\t<svg xmlns=\"http:\/\/www.w3.org\/2000\/svg\" width=\"12\" height=\"12\" fill=\"none\" viewbox=\"0 0 12 12\">\n\t\t\t\t<path fill=\"#fff\" d=\"M2 0a2 2 0 0 0-2 2v2h1.5V2a.5.5 0 0 1 .5-.5h2V0H2Zm2 10.5H2a.5.5 0 0 1-.5-.5V8H0v2a2 2 0 0 0 2 2h2v-1.5ZM8 12v-1.5h2a.5.5 0 0 0 .5-.5V8H12v2a2 2 0 0 1-2 2H8Zm2-12a2 2 0 0 1 2 2v2h-1.5V2a.5.5 0 0 0-.5-.5H8V0h2Z\" \/>\n\t\t\t<\/svg>\n\t\t<\/button><figcaption class=\"wp-element-caption\">Oc\u00e9ano en llamas, 2024<\/figcaption><\/figure>\n<\/div>\n<\/div>\n\n\n\n<p><\/p>","protected":false},"excerpt":{"rendered":"<p>Brussels &#8211; 2024\/2025 Hamburg &#8211; 2023\/2024\/2025Berlin &#8211; 2024\/2025Amsterdam &#8211; 2023 Praia da Adraga A s\u00e9rie composta de 4 pinturas a \u00f3leo sobre papel, ilustrando a Praia da Adraga em Sintra, Portugal, em diferentes hor\u00e1rios e \u00e9pocas do ano, sob a vis\u00e3o da artista \u00c1gua e Fogo<\/p>","protected":false},"author":1,"featured_media":190,"parent":0,"menu_order":0,"comment_status":"closed","ping_status":"closed","template":"","meta":{"footnotes":""},"class_list":["post-140","page","type-page","status-publish","has-post-thumbnail","hentry"],"_links":{"self":[{"href":"https:\/\/gabialb.art\/es\/wp-json\/wp\/v2\/pages\/140","targetHints":{"allow":["GET"]}}],"collection":[{"href":"https:\/\/gabialb.art\/es\/wp-json\/wp\/v2\/pages"}],"about":[{"href":"https:\/\/gabialb.art\/es\/wp-json\/wp\/v2\/types\/page"}],"author":[{"embeddable":true,"href":"https:\/\/gabialb.art\/es\/wp-json\/wp\/v2\/users\/1"}],"replies":[{"embeddable":true,"href":"https:\/\/gabialb.art\/es\/wp-json\/wp\/v2\/comments?post=140"}],"version-history":[{"count":10,"href":"https:\/\/gabialb.art\/es\/wp-json\/wp\/v2\/pages\/140\/revisions"}],"predecessor-version":[{"id":230,"href":"https:\/\/gabialb.art\/es\/wp-json\/wp\/v2\/pages\/140\/revisions\/230"}],"wp:featuredmedia":[{"embeddable":true,"href":"https:\/\/gabialb.art\/es\/wp-json\/wp\/v2\/media\/190"}],"wp:attachment":[{"href":"https:\/\/gabialb.art\/es\/wp-json\/wp\/v2\/media?parent=140"}],"curies":[{"name":"wp","href":"https:\/\/api.w.org\/{rel}","templated":true}]}}