{"id":98,"date":"2024-12-17T19:12:05","date_gmt":"2024-12-17T19:12:05","guid":{"rendered":"https:\/\/gabialb.art\/?page_id=98"},"modified":"2025-12-05T18:50:36","modified_gmt":"2025-12-05T18:50:36","slug":"memorias-pesadelos-inquietacoes","status":"publish","type":"page","link":"https:\/\/gabialb.art\/en\/memorias-pesadelos-inquietacoes\/","title":{"rendered":"Memories, Nightmares and Restlessness exhibition"},"content":{"rendered":"<div class=\"wp-block-group alignwide has-color-1-background-color has-background has-global-padding is-layout-constrained wp-container-core-group-is-layout-0747478d wp-block-group-is-layout-constrained\" style=\"padding-top:var(--wp--preset--spacing--50);padding-right:var(--wp--preset--spacing--50);padding-bottom:var(--wp--preset--spacing--50);padding-left:var(--wp--preset--spacing--50)\">\n<p class=\"has-light-background-color has-background has-large-font-size\">Galeria Coletivo Amarelo, Lisbon, 2024 - Project Room, curated by Cristiana Tejo<br><\/p>\n\n\n\n<div class=\"wp-block-group has-color-1-background-color has-background is-horizontal is-content-justification-left is-nowrap is-layout-flex wp-container-core-group-is-layout-8ad9adab wp-block-group-is-layout-flex\">\n<div class=\"wp-block-group is-vertical is-layout-flex wp-container-core-group-is-layout-fe9cc265 wp-block-group-is-layout-flex\">\n<figure class=\"wp-block-pullquote has-light-background-color has-background\"><blockquote><p>Only houses can explain the existence of a word like intimacy<\/p><cite>Ruy Belo<\/cite><\/blockquote><\/figure>\n\n\n\n<div class=\"wp-block-group has-global-padding is-layout-constrained wp-block-group-is-layout-constrained\">\n<p>The little house made of sticks, drawn in colored pencils, a half-disheveled rectangle with a half-triangular roof, lost in some landscape, with the sun and clouds in the background. Next to it, a family of stick figures, with their round heads, waving and smiling and often bigger than the house itself.<\/p>\n<\/div>\n<\/div>\n\n\n\n<div class=\"wp-block-group is-vertical is-layout-flex wp-container-core-group-is-layout-fe9cc265 wp-block-group-is-layout-flex\">\n<div class=\"wp-block-group is-vertical is-layout-flex wp-container-core-group-is-layout-fe9cc265 wp-block-group-is-layout-flex\">\n<figure data-wp-context=\"{&quot;imageId&quot;:&quot;69e1f7bac49a2&quot;}\" data-wp-interactive=\"core\/image\" data-wp-key=\"69e1f7bac49a2\" class=\"wp-block-image size-large wp-lightbox-container\"><img loading=\"lazy\" decoding=\"async\" width=\"768\" height=\"1024\" data-wp-class--hide=\"state.isContentHidden\" data-wp-class--show=\"state.isContentVisible\" data-wp-init=\"callbacks.setButtonStyles\" data-wp-on--click=\"actions.showLightbox\" data-wp-on--load=\"callbacks.setButtonStyles\" data-wp-on-window--resize=\"callbacks.setButtonStyles\" src=\"https:\/\/gabialb-art.preview-domain.com\/wp-content\/uploads\/2024\/12\/Casinhas2-768x1024.jpeg\" alt=\"\" class=\"wp-image-80\" srcset=\"https:\/\/gabialb.art\/wp-content\/uploads\/2024\/12\/Casinhas2-768x1024.jpeg 768w, https:\/\/gabialb.art\/wp-content\/uploads\/2024\/12\/Casinhas2-225x300.jpeg 225w, https:\/\/gabialb.art\/wp-content\/uploads\/2024\/12\/Casinhas2-1152x1536.jpeg 1152w, https:\/\/gabialb.art\/wp-content\/uploads\/2024\/12\/Casinhas2-1536x2048.jpeg 1536w, https:\/\/gabialb.art\/wp-content\/uploads\/2024\/12\/Casinhas2-scaled.jpeg 1920w\" sizes=\"auto, (max-width: 768px) 100vw, 768px\" \/><button\n\t\t\tclass=\"lightbox-trigger\"\n\t\t\ttype=\"button\"\n\t\t\taria-haspopup=\"dialog\"\n\t\t\taria-label=\"Enlarge\"\n\t\t\tdata-wp-init=\"callbacks.initTriggerButton\"\n\t\t\tdata-wp-on--click=\"actions.showLightbox\"\n\t\t\tdata-wp-style--right=\"state.imageButtonRight\"\n\t\t\tdata-wp-style--top=\"state.imageButtonTop\"\n\t\t>\n\t\t\t<svg xmlns=\"http:\/\/www.w3.org\/2000\/svg\" width=\"12\" height=\"12\" fill=\"none\" viewbox=\"0 0 12 12\">\n\t\t\t\t<path fill=\"#fff\" d=\"M2 0a2 2 0 0 0-2 2v2h1.5V2a.5.5 0 0 1 .5-.5h2V0H2Zm2 10.5H2a.5.5 0 0 1-.5-.5V8H0v2a2 2 0 0 0 2 2h2v-1.5ZM8 12v-1.5h2a.5.5 0 0 0 .5-.5V8H12v2a2 2 0 0 1-2 2H8Zm2-12a2 2 0 0 1 2 2v2h-1.5V2a.5.5 0 0 0-.5-.5H8V0h2Z\" \/>\n\t\t\t<\/svg>\n\t\t<\/button><\/figure>\n<\/div>\n\n\n\n<p>This is the description of almost every human memory of their first graphic drawings.<br><br>The house, the family, the landscape.<\/p>\n<\/div>\n<\/div>\n<\/div>\n\n\n\n<div class=\"wp-block-columns alignwide is-layout-flex wp-container-core-columns-is-layout-a5cf46d6 wp-block-columns-is-layout-flex\" style=\"margin-bottom:var(--wp--preset--spacing--40)\">\n<div class=\"wp-block-column is-layout-flow wp-block-column-is-layout-flow\" style=\"flex-basis:40%\">\n<div class=\"wp-block-group hostinger-ai-fade-up has-global-padding is-layout-constrained wp-container-core-group-is-layout-29a8626f wp-block-group-is-layout-constrained\" style=\"padding-top:0;padding-right:var(--wp--preset--spacing--20);padding-bottom:0;padding-left:var(--wp--preset--spacing--20)\">\n<figure data-wp-context=\"{&quot;imageId&quot;:&quot;69e1f7bac4f0a&quot;}\" data-wp-interactive=\"core\/image\" data-wp-key=\"69e1f7bac4f0a\" class=\"wp-block-image size-full has-custom-border hostinger-ai-project-image hostinger-index-10 wp-lightbox-container\"><img loading=\"lazy\" decoding=\"async\" width=\"751\" height=\"1155\" data-wp-class--hide=\"state.isContentHidden\" data-wp-class--show=\"state.isContentVisible\" data-wp-init=\"callbacks.setButtonStyles\" data-wp-on--click=\"actions.showLightbox\" data-wp-on--load=\"callbacks.setButtonStyles\" data-wp-on-window--resize=\"callbacks.setButtonStyles\" src=\"https:\/\/gabialb-art.preview-domain.com\/wp-content\/uploads\/2024\/12\/IMG_7736.jpg\" alt=\"\" class=\"wp-image-82\" style=\"border-radius:8px\" srcset=\"https:\/\/gabialb.art\/wp-content\/uploads\/2024\/12\/IMG_7736.jpg 751w, https:\/\/gabialb.art\/wp-content\/uploads\/2024\/12\/IMG_7736-195x300.jpg 195w, https:\/\/gabialb.art\/wp-content\/uploads\/2024\/12\/IMG_7736-666x1024.jpg 666w\" sizes=\"auto, (max-width: 751px) 100vw, 751px\" \/><button\n\t\t\tclass=\"lightbox-trigger\"\n\t\t\ttype=\"button\"\n\t\t\taria-haspopup=\"dialog\"\n\t\t\taria-label=\"Enlarge\"\n\t\t\tdata-wp-init=\"callbacks.initTriggerButton\"\n\t\t\tdata-wp-on--click=\"actions.showLightbox\"\n\t\t\tdata-wp-style--right=\"state.imageButtonRight\"\n\t\t\tdata-wp-style--top=\"state.imageButtonTop\"\n\t\t>\n\t\t\t<svg xmlns=\"http:\/\/www.w3.org\/2000\/svg\" width=\"12\" height=\"12\" fill=\"none\" viewbox=\"0 0 12 12\">\n\t\t\t\t<path fill=\"#fff\" d=\"M2 0a2 2 0 0 0-2 2v2h1.5V2a.5.5 0 0 1 .5-.5h2V0H2Zm2 10.5H2a.5.5 0 0 1-.5-.5V8H0v2a2 2 0 0 0 2 2h2v-1.5ZM8 12v-1.5h2a.5.5 0 0 0 .5-.5V8H12v2a2 2 0 0 1-2 2H8Zm2-12a2 2 0 0 1 2 2v2h-1.5V2a.5.5 0 0 0-.5-.5H8V0h2Z\" \/>\n\t\t\t<\/svg>\n\t\t<\/button><\/figure>\n\n\n\n<p class=\"has-text-align-left hostinger-ai-project-description has-dark-color has-text-color has-link-color has-medium-font-size wp-elements-a7891cee77b5fdbce282f6a66ab8ca98\" style=\"margin-top:var(--wp--preset--spacing--40);padding-right:var(--wp--preset--spacing--60)\">Three elements that surround us all our lives, and mine too. Is it possible to go through the human experience avoiding these elements? I don't think so...<br><br>It seems that this is what we've always longed for: a roof, a sloping roof, a window that might be open, and friends or family nearby.<br><br>It seems that this is what we've always longed for: a roof, a sloping roof, a window that might be open, and friends or family nearby.<\/p>\n<\/div>\n<\/div>\n\n\n\n<div class=\"wp-block-column is-layout-flow wp-block-column-is-layout-flow\" style=\"flex-basis:60%\">\n<div class=\"wp-block-group hostinger-ai-fade-up has-global-padding is-layout-constrained wp-container-core-group-is-layout-29a8626f wp-block-group-is-layout-constrained\" style=\"padding-top:0;padding-right:var(--wp--preset--spacing--20);padding-bottom:0;padding-left:var(--wp--preset--spacing--20)\">\n<figure data-wp-context=\"{&quot;imageId&quot;:&quot;69e1f7bac535d&quot;}\" data-wp-interactive=\"core\/image\" data-wp-key=\"69e1f7bac535d\" class=\"wp-block-image size-full has-custom-border hostinger-ai-project-image hostinger-index-11 wp-lightbox-container\"><img loading=\"lazy\" decoding=\"async\" width=\"2560\" height=\"1831\" data-wp-class--hide=\"state.isContentHidden\" data-wp-class--show=\"state.isContentVisible\" data-wp-init=\"callbacks.setButtonStyles\" data-wp-on--click=\"actions.showLightbox\" data-wp-on--load=\"callbacks.setButtonStyles\" data-wp-on-window--resize=\"callbacks.setButtonStyles\" src=\"https:\/\/gabialb-art.preview-domain.com\/wp-content\/uploads\/2024\/12\/IMG_4789-scaled.jpeg\" alt=\"\" class=\"wp-image-84\" style=\"border-radius:8px\" srcset=\"https:\/\/gabialb.art\/wp-content\/uploads\/2024\/12\/IMG_4789-scaled.jpeg 2560w, https:\/\/gabialb.art\/wp-content\/uploads\/2024\/12\/IMG_4789-300x215.jpeg 300w, https:\/\/gabialb.art\/wp-content\/uploads\/2024\/12\/IMG_4789-1024x732.jpeg 1024w, https:\/\/gabialb.art\/wp-content\/uploads\/2024\/12\/IMG_4789-768x549.jpeg 768w, https:\/\/gabialb.art\/wp-content\/uploads\/2024\/12\/IMG_4789-1536x1098.jpeg 1536w, https:\/\/gabialb.art\/wp-content\/uploads\/2024\/12\/IMG_4789-2048x1464.jpeg 2048w\" sizes=\"auto, (max-width: 2560px) 100vw, 2560px\" \/><button\n\t\t\tclass=\"lightbox-trigger\"\n\t\t\ttype=\"button\"\n\t\t\taria-haspopup=\"dialog\"\n\t\t\taria-label=\"Enlarge\"\n\t\t\tdata-wp-init=\"callbacks.initTriggerButton\"\n\t\t\tdata-wp-on--click=\"actions.showLightbox\"\n\t\t\tdata-wp-style--right=\"state.imageButtonRight\"\n\t\t\tdata-wp-style--top=\"state.imageButtonTop\"\n\t\t>\n\t\t\t<svg xmlns=\"http:\/\/www.w3.org\/2000\/svg\" width=\"12\" height=\"12\" fill=\"none\" viewbox=\"0 0 12 12\">\n\t\t\t\t<path fill=\"#fff\" d=\"M2 0a2 2 0 0 0-2 2v2h1.5V2a.5.5 0 0 1 .5-.5h2V0H2Zm2 10.5H2a.5.5 0 0 1-.5-.5V8H0v2a2 2 0 0 0 2 2h2v-1.5ZM8 12v-1.5h2a.5.5 0 0 0 .5-.5V8H12v2a2 2 0 0 1-2 2H8Zm2-12a2 2 0 0 1 2 2v2h-1.5V2a.5.5 0 0 0-.5-.5H8V0h2Z\" \/>\n\t\t\t<\/svg>\n\t\t<\/button><figcaption class=\"wp-element-caption\">Watercolor and acrylic on Arches paper 56\u00d775<\/figcaption><\/figure>\n\n\n\n<p class=\"has-text-align-left hostinger-ai-project-description hostinger-index-1 has-dark-color has-text-color has-link-color has-medium-font-size wp-elements-4c7cb3547a50534e13339be756bee0cb\" style=\"margin-top:var(--wp--preset--spacing--40);padding-right:var(--wp--preset--spacing--60)\">These houses asked for space, got out of the notebook and began to group themselves into larger paintings, connecting or disconnecting from each other through bridges, passages, stairs, tunnels.<br><br>In the paintings, it's just them, with no mention of the human figures who certainly were or still are there. Stains in sinuous waves cover up what was, or reveal what is to come.<br><br>The houses, thus designed and confused, are a kind of tribute to our greatest quest, a safe place in this world, in this existence.<br><br>A home should be the basic precept, the starting point of our dignity, but it is increasingly becoming a luxury. For various reasons, from political and social aspects to the increasingly intense consequences of our disregard for the planet, homes are becoming a privilege. Housing is increasingly under threat, making us even more distant from that first ideal of childhood.<\/p>\n<\/div>\n<\/div>\n<\/div>\n\n\n\n<figure class=\"wp-block-video\"><video height=\"1080\" style=\"aspect-ratio: 1920 \/ 1080;\" width=\"1920\" controls src=\"https:\/\/gabialb.art\/wp-content\/uploads\/2024\/12\/IMG_7125.mov\"><\/video><\/figure>\n\n\n\n<p>If it is between four walls that we make possible our most intimate connections, our deepest pains, our best-kept secrets and our most precious memories, how can we live without them?<br><br>We are not prepared for the idleness that is increasingly spreading around the world.<br><br>These imaginary houses, cities and roads that appear in these paintings can be what was, what will no longer be or what will be. This large \u201cimaginary map\u201d is an invitation to think together, to open the floodgates of the imagination to new ways of living that are possible in the midst of \u201csuch interesting\u201d times.<\/p>","protected":false},"excerpt":{"rendered":"<p>Galeria Coletivo Amarelo, Lisboa, 2024 &#8211; Espa\u00e7o Project Room, curadoria de Cristiana Tejo S\u00f3 as casas explicam que exista uma palavra como intimidade Ruy Belo A casinha de palitos, desenhada a l\u00e1pis de cor, um ret\u00e2ngulo meio desarrumado, um telhado meio triangular, perdida em uma paisagem qualquer, com sol e nuvens ao fundo. Ao lado [&hellip;]<\/p>","protected":false},"author":1,"featured_media":0,"parent":0,"menu_order":0,"comment_status":"closed","ping_status":"closed","template":"","meta":{"footnotes":""},"class_list":["post-98","page","type-page","status-publish","hentry"],"_links":{"self":[{"href":"https:\/\/gabialb.art\/en\/wp-json\/wp\/v2\/pages\/98","targetHints":{"allow":["GET"]}}],"collection":[{"href":"https:\/\/gabialb.art\/en\/wp-json\/wp\/v2\/pages"}],"about":[{"href":"https:\/\/gabialb.art\/en\/wp-json\/wp\/v2\/types\/page"}],"author":[{"embeddable":true,"href":"https:\/\/gabialb.art\/en\/wp-json\/wp\/v2\/users\/1"}],"replies":[{"embeddable":true,"href":"https:\/\/gabialb.art\/en\/wp-json\/wp\/v2\/comments?post=98"}],"version-history":[{"count":8,"href":"https:\/\/gabialb.art\/en\/wp-json\/wp\/v2\/pages\/98\/revisions"}],"predecessor-version":[{"id":225,"href":"https:\/\/gabialb.art\/en\/wp-json\/wp\/v2\/pages\/98\/revisions\/225"}],"wp:attachment":[{"href":"https:\/\/gabialb.art\/en\/wp-json\/wp\/v2\/media?parent=98"}],"curies":[{"name":"wp","href":"https:\/\/api.w.org\/{rel}","templated":true}]}}