{"id":30,"date":"2024-12-11T13:12:16","date_gmt":"2024-12-11T13:12:16","guid":{"rendered":"https:\/\/gabialb.art\/exposicoes\/"},"modified":"2024-12-17T23:18:14","modified_gmt":"2024-12-17T23:18:14","slug":"exposicoes","status":"publish","type":"page","link":"https:\/\/gabialb.art\/en\/exposicoes\/","title":{"rendered":"Exhibitions"},"content":{"rendered":"<div class=\"wp-block-group alignfull hostinger-ai-resume-1 hostinger-ai-fade-up has-global-padding is-layout-constrained wp-block-group-is-layout-constrained\">\n<div class=\"wp-block-group alignwide hostinger-ai-fade-up is-layout-grid wp-container-core-group-is-layout-b2a6df44 wp-block-group-is-layout-grid\" style=\"padding-top:var(--wp--preset--spacing--60);padding-bottom:var(--wp--preset--spacing--60)\">\n<div class=\"wp-block-group hostinger-ai-fade-up wp-container-content-5e2576f9 has-global-padding is-layout-constrained wp-block-group-is-layout-constrained\">\n<figure class=\"wp-block-image size-full has-custom-border hostinger-ai-image\"><img loading=\"lazy\" decoding=\"async\" width=\"1536\" height=\"2048\" src=\"https:\/\/gabialb-art.preview-domain.com\/wp-content\/uploads\/2024\/12\/Litoral.jpg\" alt=\"\" class=\"wp-image-66\" style=\"border-radius:8px\" srcset=\"https:\/\/gabialb.art\/wp-content\/uploads\/2024\/12\/Litoral.jpg 1536w, https:\/\/gabialb.art\/wp-content\/uploads\/2024\/12\/Litoral-225x300.jpg 225w, https:\/\/gabialb.art\/wp-content\/uploads\/2024\/12\/Litoral-768x1024.jpg 768w, https:\/\/gabialb.art\/wp-content\/uploads\/2024\/12\/Litoral-1152x1536.jpg 1152w\" sizes=\"auto, (max-width: 1536px) 100vw, 1536px\" \/><figcaption class=\"wp-element-caption\"><em>Solo exhibition \u201cLitoral, Litoral, Luteral\u201d at the Coletivo Amarelo gallery in Lisbon<\/em><\/figcaption><\/figure>\n\n\n\n<h2 class=\"wp-block-heading hostinger-ai-title hostinger-index-1 has-x-large-font-size\" style=\"margin-bottom:var(--wp--preset--spacing--30)\"><\/h2>\n<\/div>\n\n\n\n<div class=\"wp-block-group hostinger-ai-fade-up wp-container-content-5e2576f9 is-vertical is-content-justification-left is-nowrap is-layout-flex wp-container-core-group-is-layout-cb02dbd6 wp-block-group-is-layout-flex\" style=\"padding-right:var(--wp--preset--spacing--60);padding-left:var(--wp--preset--spacing--60)\">\n<h2 class=\"wp-block-heading hostinger-ai-title has-dark-color has-text-color has-link-color has-x-large-font-size wp-elements-b59df6dd8e2da154839358992d72ab01\" style=\"margin-bottom:var(--wp--preset--spacing--20)\">Exhibitions<\/h2>\n\n\n\n<p class=\"hostinger-ai-description has-dark-color has-text-color has-link-color has-medium-font-size wp-elements-8518d4053176bce295b60e7e3fd297a7\" style=\"margin-top:0;margin-bottom:var(--wp--preset--spacing--70)\"><br>2024 - Group exhibition AMOSTRA\\24 - Nowhere Lisboa<br>2024 - Occupation of the <em>Project Room<\/em> at Coletivo Amarelo - Memories, Nightmares and Restlessness curated by Cristiana Tejo<br>2023 - Group exhibition Signs point to Yes at Coletivo Amarelo gallery - Lisbon<br>2023 - Participation in the Wip Pop-Up Art Gallery group show in Lisbon<br>2023 - Work selected for the First Alentejo Biennial - Biale - Extremoz<br>2023 - Solo exhibition \u201dLitoral, Litoral, Luteral\" at the Coletivo Amarelo gallery in Lisbon<\/p>\n\n\n\n<p class=\"hostinger-ai-description has-dark-color has-text-color has-link-color has-medium-font-size wp-elements-7ee58f354069800d29dd41fc69c2eff6\" style=\"margin-top:0;margin-bottom:var(--wp--preset--spacing--70)\">2020 - Summer residents' group show at Ar.Co - Lisbon<br>2023 - Interview for the Papemu podcast with Monica L\u00f3ss<br>2022 - Group exhibition \u201cMutir\u00e3o\u201d at Nowhere, Lisbon<br>2021 - Group exhibition \u201cEntornos\u201d at F\u00e1brica Bra\u00e7o de Prata - Lisbon<br>2021 - Group show by Ar.Co students - Lisbon<br><\/p>\n<\/div>\n<\/div>\n<\/div>\n\n\n\n<figure class=\"wp-block-gallery has-nested-images columns-default is-cropped wp-block-gallery-1 is-layout-flex wp-block-gallery-is-layout-flex\">\n<figure class=\"wp-block-image size-large\"><img loading=\"lazy\" decoding=\"async\" width=\"1024\" height=\"683\" data-id=\"117\" src=\"https:\/\/gabialb-art.preview-domain.com\/wp-content\/uploads\/2024\/12\/Litoral2-1024x683.jpg\" alt=\"\" class=\"wp-image-117\" srcset=\"https:\/\/gabialb.art\/wp-content\/uploads\/2024\/12\/Litoral2-1024x683.jpg 1024w, https:\/\/gabialb.art\/wp-content\/uploads\/2024\/12\/Litoral2-300x200.jpg 300w, https:\/\/gabialb.art\/wp-content\/uploads\/2024\/12\/Litoral2-768x512.jpg 768w, https:\/\/gabialb.art\/wp-content\/uploads\/2024\/12\/Litoral2-1536x1024.jpg 1536w, https:\/\/gabialb.art\/wp-content\/uploads\/2024\/12\/Litoral2-2048x1365.jpg 2048w\" sizes=\"auto, (max-width: 1024px) 100vw, 1024px\" \/><\/figure>\n\n\n\n<figure class=\"wp-block-image size-large\"><img loading=\"lazy\" decoding=\"async\" width=\"1024\" height=\"768\" data-id=\"192\" src=\"https:\/\/gabialb-art.preview-domain.com\/wp-content\/uploads\/2024\/12\/IMG_0769-1024x768.jpeg\" alt=\"\" class=\"wp-image-192\" srcset=\"https:\/\/gabialb.art\/wp-content\/uploads\/2024\/12\/IMG_0769-1024x768.jpeg 1024w, https:\/\/gabialb.art\/wp-content\/uploads\/2024\/12\/IMG_0769-300x225.jpeg 300w, https:\/\/gabialb.art\/wp-content\/uploads\/2024\/12\/IMG_0769-768x576.jpeg 768w, https:\/\/gabialb.art\/wp-content\/uploads\/2024\/12\/IMG_0769-1536x1152.jpeg 1536w, https:\/\/gabialb.art\/wp-content\/uploads\/2024\/12\/IMG_0769-2048x1536.jpeg 2048w\" sizes=\"auto, (max-width: 1024px) 100vw, 1024px\" \/><\/figure>\n\n\n\n<figure class=\"wp-block-image size-large\"><img loading=\"lazy\" decoding=\"async\" width=\"1024\" height=\"683\" data-id=\"191\" src=\"https:\/\/gabialb-art.preview-domain.com\/wp-content\/uploads\/2024\/12\/IMG_0016-1024x683.jpg\" alt=\"\" class=\"wp-image-191\" srcset=\"https:\/\/gabialb.art\/wp-content\/uploads\/2024\/12\/IMG_0016-1024x683.jpg 1024w, https:\/\/gabialb.art\/wp-content\/uploads\/2024\/12\/IMG_0016-300x200.jpg 300w, https:\/\/gabialb.art\/wp-content\/uploads\/2024\/12\/IMG_0016-768x512.jpg 768w, https:\/\/gabialb.art\/wp-content\/uploads\/2024\/12\/IMG_0016-1536x1024.jpg 1536w, https:\/\/gabialb.art\/wp-content\/uploads\/2024\/12\/IMG_0016-2048x1365.jpg 2048w\" sizes=\"auto, (max-width: 1024px) 100vw, 1024px\" \/><\/figure>\n\n\n\n<figure class=\"wp-block-image size-large\"><img loading=\"lazy\" decoding=\"async\" width=\"768\" height=\"1024\" data-id=\"60\" src=\"https:\/\/gabialb-art.preview-domain.com\/wp-content\/uploads\/2024\/12\/IMG-20241216-WA0009-768x1024.jpg\" alt=\"\" class=\"wp-image-60\" srcset=\"https:\/\/gabialb.art\/wp-content\/uploads\/2024\/12\/IMG-20241216-WA0009-768x1024.jpg 768w, https:\/\/gabialb.art\/wp-content\/uploads\/2024\/12\/IMG-20241216-WA0009-225x300.jpg 225w, https:\/\/gabialb.art\/wp-content\/uploads\/2024\/12\/IMG-20241216-WA0009-1152x1536.jpg 1152w, https:\/\/gabialb.art\/wp-content\/uploads\/2024\/12\/IMG-20241216-WA0009.jpg 1200w\" sizes=\"auto, (max-width: 768px) 100vw, 768px\" \/><\/figure>\n\n\n\n<figure class=\"wp-block-image size-large\"><img loading=\"lazy\" decoding=\"async\" width=\"768\" height=\"1024\" data-id=\"62\" src=\"https:\/\/gabialb-art.preview-domain.com\/wp-content\/uploads\/2024\/12\/IMG-20241216-WA0017-768x1024.jpg\" alt=\"\" class=\"wp-image-62\" srcset=\"https:\/\/gabialb.art\/wp-content\/uploads\/2024\/12\/IMG-20241216-WA0017-768x1024.jpg 768w, https:\/\/gabialb.art\/wp-content\/uploads\/2024\/12\/IMG-20241216-WA0017-225x300.jpg 225w, https:\/\/gabialb.art\/wp-content\/uploads\/2024\/12\/IMG-20241216-WA0017-1152x1536.jpg 1152w, https:\/\/gabialb.art\/wp-content\/uploads\/2024\/12\/IMG-20241216-WA0017.jpg 1500w\" sizes=\"auto, (max-width: 768px) 100vw, 768px\" \/><\/figure>\n\n\n\n<figure class=\"wp-block-image size-large\"><img loading=\"lazy\" decoding=\"async\" width=\"792\" height=\"1024\" data-id=\"61\" src=\"https:\/\/gabialb-art.preview-domain.com\/wp-content\/uploads\/2024\/12\/IMG-20241216-WA0018-792x1024.jpg\" alt=\"\" class=\"wp-image-61\" srcset=\"https:\/\/gabialb.art\/wp-content\/uploads\/2024\/12\/IMG-20241216-WA0018-792x1024.jpg 792w, https:\/\/gabialb.art\/wp-content\/uploads\/2024\/12\/IMG-20241216-WA0018-232x300.jpg 232w, https:\/\/gabialb.art\/wp-content\/uploads\/2024\/12\/IMG-20241216-WA0018-768x993.jpg 768w, https:\/\/gabialb.art\/wp-content\/uploads\/2024\/12\/IMG-20241216-WA0018.jpg 989w\" sizes=\"auto, (max-width: 792px) 100vw, 792px\" \/><\/figure>\n\n\n\n<figure class=\"wp-block-image size-large\"><img loading=\"lazy\" decoding=\"async\" width=\"768\" height=\"1024\" data-id=\"67\" src=\"https:\/\/gabialb-art.preview-domain.com\/wp-content\/uploads\/2024\/12\/IMG-20241216-WA0020-768x1024.jpg\" alt=\"\" class=\"wp-image-67\" srcset=\"https:\/\/gabialb.art\/wp-content\/uploads\/2024\/12\/IMG-20241216-WA0020-768x1024.jpg 768w, https:\/\/gabialb.art\/wp-content\/uploads\/2024\/12\/IMG-20241216-WA0020-225x300.jpg 225w, https:\/\/gabialb.art\/wp-content\/uploads\/2024\/12\/IMG-20241216-WA0020-1152x1536.jpg 1152w, https:\/\/gabialb.art\/wp-content\/uploads\/2024\/12\/IMG-20241216-WA0020.jpg 1536w\" sizes=\"auto, (max-width: 768px) 100vw, 768px\" \/><\/figure>\n\n\n\n<figure class=\"wp-block-image size-large\"><img loading=\"lazy\" decoding=\"async\" width=\"1024\" height=\"683\" data-id=\"53\" src=\"https:\/\/gabialb-art.preview-domain.com\/wp-content\/uploads\/2024\/12\/IMG_0087-1-1024x683.jpeg\" alt=\"\" class=\"wp-image-53\" srcset=\"https:\/\/gabialb.art\/wp-content\/uploads\/2024\/12\/IMG_0087-1-1024x683.jpeg 1024w, https:\/\/gabialb.art\/wp-content\/uploads\/2024\/12\/IMG_0087-1-300x200.jpeg 300w, https:\/\/gabialb.art\/wp-content\/uploads\/2024\/12\/IMG_0087-1-768x512.jpeg 768w, https:\/\/gabialb.art\/wp-content\/uploads\/2024\/12\/IMG_0087-1-1536x1024.jpeg 1536w, https:\/\/gabialb.art\/wp-content\/uploads\/2024\/12\/IMG_0087-1-2048x1365.jpeg 2048w\" sizes=\"auto, (max-width: 1024px) 100vw, 1024px\" \/><\/figure>\n\n\n\n<figure class=\"wp-block-image size-large\"><img loading=\"lazy\" decoding=\"async\" width=\"768\" height=\"1024\" data-id=\"63\" src=\"https:\/\/gabialb-art.preview-domain.com\/wp-content\/uploads\/2024\/12\/IMG-20241216-WA0022-768x1024.jpg\" alt=\"\" class=\"wp-image-63\" srcset=\"https:\/\/gabialb.art\/wp-content\/uploads\/2024\/12\/IMG-20241216-WA0022-768x1024.jpg 768w, https:\/\/gabialb.art\/wp-content\/uploads\/2024\/12\/IMG-20241216-WA0022-225x300.jpg 225w, https:\/\/gabialb.art\/wp-content\/uploads\/2024\/12\/IMG-20241216-WA0022-1152x1536.jpg 1152w, https:\/\/gabialb.art\/wp-content\/uploads\/2024\/12\/IMG-20241216-WA0022.jpg 1500w\" sizes=\"auto, (max-width: 768px) 100vw, 768px\" \/><\/figure>\n\n\n\n<figure class=\"wp-block-image size-large\"><img loading=\"lazy\" decoding=\"async\" width=\"1024\" height=\"747\" data-id=\"68\" src=\"https:\/\/gabialb-art.preview-domain.com\/wp-content\/uploads\/2024\/12\/litoral3-1024x747.png\" alt=\"\" class=\"wp-image-68\" srcset=\"https:\/\/gabialb.art\/wp-content\/uploads\/2024\/12\/litoral3-1024x747.png 1024w, https:\/\/gabialb.art\/wp-content\/uploads\/2024\/12\/litoral3-300x219.png 300w, https:\/\/gabialb.art\/wp-content\/uploads\/2024\/12\/litoral3-768x560.png 768w, https:\/\/gabialb.art\/wp-content\/uploads\/2024\/12\/litoral3.png 1506w\" sizes=\"auto, (max-width: 1024px) 100vw, 1024px\" \/><\/figure>\n<\/figure>","protected":false},"excerpt":{"rendered":"<p>Exposi\u00e7\u00f5es 2024 \u2013 Mostra coletiva AMOSTRA\\24 \u2013 Nowhere Lisboa2024 \u2013 Ocupa\u00e7\u00e3o do Project Room no Coletivo Amarelo \u2013 Mem\u00f3rias, Pesadelos e Inquieta\u00e7\u00f5es com curadoria de Cristiana Tejo2023 \u2013 Mostra coletiva Signs point to Yes na galeria Coletivo Amarelo \u2013 Lisboa2023 \u2013 Participa\u00e7\u00e3o na mostra coletiva Wip Pop-Up Art Gallery em Lisboa2023 \u2013 Obra selecionada para [&hellip;]<\/p>","protected":false},"author":1,"featured_media":0,"parent":0,"menu_order":0,"comment_status":"closed","ping_status":"closed","template":"","meta":{"footnotes":""},"class_list":["post-30","page","type-page","status-publish","hentry"],"_links":{"self":[{"href":"https:\/\/gabialb.art\/en\/wp-json\/wp\/v2\/pages\/30","targetHints":{"allow":["GET"]}}],"collection":[{"href":"https:\/\/gabialb.art\/en\/wp-json\/wp\/v2\/pages"}],"about":[{"href":"https:\/\/gabialb.art\/en\/wp-json\/wp\/v2\/types\/page"}],"author":[{"embeddable":true,"href":"https:\/\/gabialb.art\/en\/wp-json\/wp\/v2\/users\/1"}],"replies":[{"embeddable":true,"href":"https:\/\/gabialb.art\/en\/wp-json\/wp\/v2\/comments?post=30"}],"version-history":[{"count":5,"href":"https:\/\/gabialb.art\/en\/wp-json\/wp\/v2\/pages\/30\/revisions"}],"predecessor-version":[{"id":193,"href":"https:\/\/gabialb.art\/en\/wp-json\/wp\/v2\/pages\/30\/revisions\/193"}],"wp:attachment":[{"href":"https:\/\/gabialb.art\/en\/wp-json\/wp\/v2\/media?parent=30"}],"curies":[{"name":"wp","href":"https:\/\/api.w.org\/{rel}","templated":true}]}}