{"id":28,"date":"2024-12-11T13:12:16","date_gmt":"2024-12-11T13:12:16","guid":{"rendered":"https:\/\/gabialb.art\/sobre\/"},"modified":"2024-12-17T21:21:18","modified_gmt":"2024-12-17T21:21:18","slug":"sobre","status":"publish","type":"page","link":"https:\/\/gabialb.art\/en\/sobre\/","title":{"rendered":"About"},"content":{"rendered":"<div class=\"wp-block-group alignfull hostinger-ai-resume-1 hostinger-ai-fade-up has-global-padding is-layout-constrained wp-block-group-is-layout-constrained\">\n<div class=\"wp-block-group alignwide hostinger-ai-fade-up is-layout-grid wp-container-core-group-is-layout-b2a6df44 wp-block-group-is-layout-grid\" style=\"padding-top:var(--wp--preset--spacing--60);padding-bottom:var(--wp--preset--spacing--60)\">\n<div class=\"wp-block-group hostinger-ai-fade-up has-global-padding is-layout-constrained wp-block-group-is-layout-constrained\">\n<figure class=\"wp-block-image size-full has-custom-border hostinger-ai-image\"><img loading=\"lazy\" decoding=\"async\" width=\"636\" height=\"784\" src=\"https:\/\/gabialb-art.preview-domain.com\/wp-content\/uploads\/2024\/12\/Captura-de-Tela-2024-12-11-as-12.24.55.png\" alt=\"\" class=\"wp-image-38\" style=\"border-radius:8px\" srcset=\"https:\/\/gabialb.art\/wp-content\/uploads\/2024\/12\/Captura-de-Tela-2024-12-11-as-12.24.55.png 636w, https:\/\/gabialb.art\/wp-content\/uploads\/2024\/12\/Captura-de-Tela-2024-12-11-as-12.24.55-243x300.png 243w\" sizes=\"auto, (max-width: 636px) 100vw, 636px\" \/><\/figure>\n<\/div>\n\n\n\n<div class=\"wp-block-group hostinger-ai-fade-up wp-container-content-5e2576f9 is-vertical is-content-justification-left is-nowrap is-layout-flex wp-container-core-group-is-layout-cb02dbd6 wp-block-group-is-layout-flex\" style=\"padding-right:var(--wp--preset--spacing--60);padding-left:var(--wp--preset--spacing--60)\">\n<h2 class=\"wp-block-heading hostinger-ai-title has-dark-color has-text-color has-link-color has-x-large-font-size wp-elements-7a0bc17a259bc3fd9c36fe635fd8e268\" style=\"margin-bottom:var(--wp--preset--spacing--20)\">Gabriela Albuquerque<\/h2>\n\n\n\n<p class=\"hostinger-ai-description has-dark-color has-text-color has-link-color has-medium-font-size wp-elements-5df1121b28e3a43d240bf4f740d64922\" style=\"margin-top:0;margin-bottom:var(--wp--preset--spacing--70)\">HELLO! I'm Gabriela. I've been living outside Brazil since 2014, first in the USA and now in Lisbon, Portugal. All my residences have added layers of meaning and search to my work, which reflect, above all, the role of women, mothers and artists, within this globalized world that constantly challenges us. I like experimentation and my research makes use of all the techniques and materials available. Drawing, photography, painting, video and writing are my forms of expression. Reality and my surroundings are what drive me to create and think about how to artistically translate what passes through me.<\/p>\n\n\n\n<h2 class=\"wp-block-heading hostinger-ai-title hostinger-index-1 has-x-large-font-size\" style=\"margin-bottom:var(--wp--preset--spacing--30)\">About Me<\/h2>\n\n\n\n<p class=\"hostinger-ai-subtitle hostinger-index-1 hostinger-ai-font-bold\">My artistic career<\/p>\n\n\n\n<p class=\"hostinger-ai-description hostinger-index-1\" style=\"margin-bottom:var(--wp--preset--spacing--50)\">She began her professional training with a bachelor's degree in Literature from the University of S\u00e3o Paulo, followed by a degree in Criticism and Curatorship from PUC-SP. She has worked professionally in the field of curatorship and art criticism in the city of S\u00e3o Paulo.<\/p>\n\n\n\n<p>He immigrated to Washington DC, USA, and began his practical training as a visual artist at the Art League school in Alexandria, Virginia. She actively participated in groups, meetings and workshops promoted by the Smithsonian Institution and the National Gallery of Art.<\/p>\n\n\n\n<p><\/p>\n\n\n\n<p>He moved to Seattle and entered the Gage Academy of Art, continuing his artistic training.<\/p>\n\n\n\n<p class=\"hostinger-ai-description hostinger-index-1\" style=\"margin-bottom:var(--wp--preset--spacing--50)\">She currently lives in Cascais, Portugal. She completed her training in Painting at the Portuguese study center Ar.CO and was part of the study group and critical accompaniment NowHere, under the guidance of curator Cristiana Tejo.<br>She is a founding partner of <a href=\"http:\/\/coletivoamarelo.com\">Yellow Collective<\/a>, an art gallery that promotes artists and discussions about contemporary art.<\/p>\n\n\n\n<p class=\"hostinger-ai-subtitle hostinger-index-2 hostinger-ai-font-bold\"><\/p>\n<\/div>\n<\/div>\n<\/div>","protected":false},"excerpt":{"rendered":"<p>Gabriela Albuquerque OL\u00c1! Eu sou a Gabriela. Desde 2014 vivo fora do Brasil, primeiro nos EUA e atualmente em Lisboa, Portugal. Todas as minhas moradias acrescentaram camadas de significa\u00e7\u00e3o e busca no meu trabalho, que refletem sobretudo, o papel da mulher, m\u00e3e e artista, dentro desse mundo globalizado que nos desafia constantemente. Gosto da experimenta\u00e7\u00e3o [&hellip;]<\/p>","protected":false},"author":1,"featured_media":0,"parent":0,"menu_order":0,"comment_status":"closed","ping_status":"closed","template":"","meta":{"footnotes":""},"class_list":["post-28","page","type-page","status-publish","hentry"],"_links":{"self":[{"href":"https:\/\/gabialb.art\/en\/wp-json\/wp\/v2\/pages\/28","targetHints":{"allow":["GET"]}}],"collection":[{"href":"https:\/\/gabialb.art\/en\/wp-json\/wp\/v2\/pages"}],"about":[{"href":"https:\/\/gabialb.art\/en\/wp-json\/wp\/v2\/types\/page"}],"author":[{"embeddable":true,"href":"https:\/\/gabialb.art\/en\/wp-json\/wp\/v2\/users\/1"}],"replies":[{"embeddable":true,"href":"https:\/\/gabialb.art\/en\/wp-json\/wp\/v2\/comments?post=28"}],"version-history":[{"count":3,"href":"https:\/\/gabialb.art\/en\/wp-json\/wp\/v2\/pages\/28\/revisions"}],"predecessor-version":[{"id":155,"href":"https:\/\/gabialb.art\/en\/wp-json\/wp\/v2\/pages\/28\/revisions\/155"}],"wp:attachment":[{"href":"https:\/\/gabialb.art\/en\/wp-json\/wp\/v2\/media?parent=28"}],"curies":[{"name":"wp","href":"https:\/\/api.w.org\/{rel}","templated":true}]}}