{"id":111,"date":"2024-12-17T19:30:31","date_gmt":"2024-12-17T19:30:31","guid":{"rendered":"https:\/\/gabialb.art\/?page_id=111"},"modified":"2025-12-05T18:19:58","modified_gmt":"2025-12-05T18:19:58","slug":"exposicao-litoral-literal-lutoral","status":"publish","type":"page","link":"https:\/\/gabialb.art\/en\/exposicao-litoral-literal-lutoral\/","title":{"rendered":"Coastal, Literal, Lutheran"},"content":{"rendered":"<p class=\"has-text-align-center is-style-text-subtitle has-large-font-size\">Yellow Collective Gallery - Lisbon, 2024 <\/p>\n\n\n\n<p class=\"has-small-font-size\">                                                Curated by Cristiana Tejo<\/p>\n\n\n\n<div class=\"wp-block-group has-color-1-background-color has-background has-global-padding is-layout-constrained wp-container-core-group-is-layout-0747478d wp-block-group-is-layout-constrained\" style=\"padding-top:var(--wp--preset--spacing--50);padding-right:var(--wp--preset--spacing--50);padding-bottom:var(--wp--preset--spacing--50);padding-left:var(--wp--preset--spacing--50)\">\n<div class=\"wp-block-group has-color-1-background-color has-background is-horizontal is-content-justification-left is-nowrap is-layout-flex wp-container-core-group-is-layout-8ad9adab wp-block-group-is-layout-flex\">\n<div class=\"wp-block-group has-global-padding is-layout-constrained wp-block-group-is-layout-constrained\">\n<figure class=\"wp-block-pullquote has-medium-font-size\" style=\"padding-top:0;padding-bottom:0\"><blockquote><p>Why do sudden deaths on deep, sunny days impress and move you?<\/p><cite>M\u00e1rio Peixoto, The voice of the great calm<\/cite><\/blockquote><\/figure>\n<\/div>\n\n\n\n<div class=\"wp-block-group has-global-padding is-layout-constrained wp-block-group-is-layout-constrained\">\n<p><\/p>\n<\/div>\n<\/div>\n<\/div>\n\n\n\n<div class=\"wp-block-columns alignwide is-layout-flex wp-container-core-columns-is-layout-a5cf46d6 wp-block-columns-is-layout-flex\" style=\"margin-bottom:var(--wp--preset--spacing--40)\">\n<div class=\"wp-block-column is-layout-flow wp-block-column-is-layout-flow\" style=\"flex-basis:40%\">\n<div class=\"wp-block-group hostinger-ai-fade-up has-global-padding is-layout-constrained wp-container-core-group-is-layout-29a8626f wp-block-group-is-layout-constrained\" style=\"padding-top:0;padding-right:var(--wp--preset--spacing--20);padding-bottom:0;padding-left:var(--wp--preset--spacing--20)\">\n<figure data-wp-context=\"{&quot;imageId&quot;:&quot;69e4a095d68cd&quot;}\" data-wp-interactive=\"core\/image\" data-wp-key=\"69e4a095d68cd\" class=\"wp-block-image size-full has-custom-border hostinger-ai-project-image hostinger-index-10 wp-lightbox-container\"><img loading=\"lazy\" decoding=\"async\" width=\"1260\" height=\"1250\" data-wp-class--hide=\"state.isContentHidden\" data-wp-class--show=\"state.isContentVisible\" data-wp-init=\"callbacks.setButtonStyles\" data-wp-on--click=\"actions.showLightbox\" data-wp-on--load=\"callbacks.setButtonStyles\" data-wp-on-window--resize=\"callbacks.setButtonStyles\" src=\"https:\/\/gabialb-art.preview-domain.com\/wp-content\/uploads\/2024\/12\/GALBPAINT030.jpg\" alt=\"\" class=\"wp-image-94\" style=\"border-radius:8px\" srcset=\"https:\/\/gabialb.art\/wp-content\/uploads\/2024\/12\/GALBPAINT030.jpg 1260w, https:\/\/gabialb.art\/wp-content\/uploads\/2024\/12\/GALBPAINT030-300x298.jpg 300w, https:\/\/gabialb.art\/wp-content\/uploads\/2024\/12\/GALBPAINT030-1024x1016.jpg 1024w, https:\/\/gabialb.art\/wp-content\/uploads\/2024\/12\/GALBPAINT030-150x150.jpg 150w, https:\/\/gabialb.art\/wp-content\/uploads\/2024\/12\/GALBPAINT030-768x762.jpg 768w\" sizes=\"auto, (max-width: 1260px) 100vw, 1260px\" \/><button\n\t\t\tclass=\"lightbox-trigger\"\n\t\t\ttype=\"button\"\n\t\t\taria-haspopup=\"dialog\"\n\t\t\taria-label=\"Enlarge\"\n\t\t\tdata-wp-init=\"callbacks.initTriggerButton\"\n\t\t\tdata-wp-on--click=\"actions.showLightbox\"\n\t\t\tdata-wp-style--right=\"state.imageButtonRight\"\n\t\t\tdata-wp-style--top=\"state.imageButtonTop\"\n\t\t>\n\t\t\t<svg xmlns=\"http:\/\/www.w3.org\/2000\/svg\" width=\"12\" height=\"12\" fill=\"none\" viewbox=\"0 0 12 12\">\n\t\t\t\t<path fill=\"#fff\" d=\"M2 0a2 2 0 0 0-2 2v2h1.5V2a.5.5 0 0 1 .5-.5h2V0H2Zm2 10.5H2a.5.5 0 0 1-.5-.5V8H0v2a2 2 0 0 0 2 2h2v-1.5ZM8 12v-1.5h2a.5.5 0 0 0 .5-.5V8H12v2a2 2 0 0 1-2 2H8Zm2-12a2 2 0 0 1 2 2v2h-1.5V2a.5.5 0 0 0-.5-.5H8V0h2Z\" \/>\n\t\t\t<\/svg>\n\t\t<\/button><\/figure>\n\n\n\n<p class=\"has-text-align-left hostinger-ai-project-description has-dark-color has-text-color has-link-color has-medium-font-size wp-elements-1fbf10521ba1feb7167d95d369188577\" style=\"margin-top:var(--wp--preset--spacing--40);padding-right:var(--wp--preset--spacing--60)\">More than 30 years ago, the coast, this idyllic place, was the scene of her father's sudden and dramatic death. Gabriela had to walk through the landscape of Guincho beach countless times to return to the beach of her childhood, where she experienced her greatest misfortune. She had to tirelessly paint the coastline she now frequents in order to cross the ocean and return to the coast of S\u00e3o Paulo. One wonders why the artist calls these landscapes useless. <\/p>\n<\/div>\n<\/div>\n\n\n\n<div class=\"wp-block-column is-style-section-4 is-layout-flow wp-block-column-is-layout-flow\" style=\"flex-basis:60%\">\n<div class=\"wp-block-group hostinger-ai-fade-up has-global-padding is-layout-constrained wp-container-core-group-is-layout-29a8626f wp-block-group-is-layout-constrained\" style=\"padding-top:0;padding-right:var(--wp--preset--spacing--20);padding-bottom:0;padding-left:var(--wp--preset--spacing--20)\">\n<figure class=\"wp-block-image size-full has-custom-border hostinger-ai-project-image hostinger-index-11\"><img loading=\"lazy\" decoding=\"async\" width=\"2400\" height=\"1600\" src=\"https:\/\/gabialb-art.preview-domain.com\/wp-content\/uploads\/2024\/12\/Litoral3-1.jpg\" alt=\"\" class=\"wp-image-119\" style=\"border-radius:8px\" srcset=\"https:\/\/gabialb.art\/wp-content\/uploads\/2024\/12\/Litoral3-1.jpg 2400w, https:\/\/gabialb.art\/wp-content\/uploads\/2024\/12\/Litoral3-1-300x200.jpg 300w, https:\/\/gabialb.art\/wp-content\/uploads\/2024\/12\/Litoral3-1-1024x683.jpg 1024w, https:\/\/gabialb.art\/wp-content\/uploads\/2024\/12\/Litoral3-1-768x512.jpg 768w, https:\/\/gabialb.art\/wp-content\/uploads\/2024\/12\/Litoral3-1-1536x1024.jpg 1536w, https:\/\/gabialb.art\/wp-content\/uploads\/2024\/12\/Litoral3-1-2048x1365.jpg 2048w\" sizes=\"auto, (max-width: 2400px) 100vw, 2400px\" \/><\/figure>\n\n\n\n<p class=\"has-text-align-left hostinger-ai-project-description hostinger-index-1 has-dark-color has-text-color has-link-color has-medium-font-size wp-elements-9ca55949e638e44d81d00cafd84497b9\" style=\"margin-top:var(--wp--preset--spacing--40);padding-right:var(--wp--preset--spacing--60)\">Is landscape useful? For philosopher Anne Cauquelin, landscape is learning the reality of the world, the constitution of norms to frame nature in an attempt to control reality within four borders. Therefore, the usefulness of landscape painting in the West was from the outset a project of domination. For Gabriela Albuquerque, landscapes are the lutoral, the place of mourning. In Angola, the calunga means both the sea and the afterlife.<\/p>\n<\/div>\n<\/div>\n<\/div>\n\n\n\n<figure class=\"wp-block-video\"><video height=\"1080\" style=\"aspect-ratio: 1920 \/ 1080;\" width=\"1920\" controls src=\"https:\/\/gabialb.art\/wp-content\/uploads\/2024\/12\/VideoCasinhas.mov\"><\/video><\/figure>\n\n\n\n<p>As if in a dream, a red house emerges and performs a narrative that seems to have no beginning or end. It is the main character in the story told in the Beach House series. In a filmic rhythm and cut, we see it in the distance, we can see it from the inside, but we can't tell for sure if it is being swallowed up by the sea or is emerging from the sea. This is the house where Gabriela and her family used to spend their summer vacations, until an argument led them to another beach, where tragedy struck. After her death, another break occurs, preventing her from returning to this villa. In the painting, it is haunting because of its liveliness and autonomy. It is the opposite of literalness. The poet Wally Salom\u00e3o once said that memory is an island of editing and this condition appears in practically all the works in this first solo exhibition by Gabriela Albuquerque.<\/p>","protected":false},"excerpt":{"rendered":"<p>Galeria Coletivo Amarelo &#8211; Lisboa, 2024 Curadoria Cristiana Tejo Por que as s\u00fabitas mortes acontecidas em dias profundos, de sol, te impressionam e te comovem? M\u00e1rio Peixoto, A voz da grande calmaria H\u00e1 mais de 30 anos, o litoral, esse lugar id\u00edlico, foi palco da s\u00fabita e dram\u00e1tica morte de seu pai. Gabriela teve de [&hellip;]<\/p>","protected":false},"author":1,"featured_media":0,"parent":0,"menu_order":0,"comment_status":"closed","ping_status":"closed","template":"","meta":{"footnotes":""},"class_list":["post-111","page","type-page","status-publish","hentry"],"_links":{"self":[{"href":"https:\/\/gabialb.art\/en\/wp-json\/wp\/v2\/pages\/111","targetHints":{"allow":["GET"]}}],"collection":[{"href":"https:\/\/gabialb.art\/en\/wp-json\/wp\/v2\/pages"}],"about":[{"href":"https:\/\/gabialb.art\/en\/wp-json\/wp\/v2\/types\/page"}],"author":[{"embeddable":true,"href":"https:\/\/gabialb.art\/en\/wp-json\/wp\/v2\/users\/1"}],"replies":[{"embeddable":true,"href":"https:\/\/gabialb.art\/en\/wp-json\/wp\/v2\/comments?post=111"}],"version-history":[{"count":6,"href":"https:\/\/gabialb.art\/en\/wp-json\/wp\/v2\/pages\/111\/revisions"}],"predecessor-version":[{"id":221,"href":"https:\/\/gabialb.art\/en\/wp-json\/wp\/v2\/pages\/111\/revisions\/221"}],"wp:attachment":[{"href":"https:\/\/gabialb.art\/en\/wp-json\/wp\/v2\/media?parent=111"}],"curies":[{"name":"wp","href":"https:\/\/api.w.org\/{rel}","templated":true}]}}